{"id":1282,"date":"2020-07-14T18:26:24","date_gmt":"2020-07-14T16:26:24","guid":{"rendered":"https:\/\/www.flokfw.pl\/?page_id=1282"},"modified":"2025-11-13T15:11:13","modified_gmt":"2025-11-13T14:11:13","slug":"%d0%ba%d0%be%d0%bd%d1%82%d0%b0%d0%ba%d1%82%d0%bd%d0%b0%d1%8f-%d0%b8%d0%bd%d1%84%d0%be%d1%80%d0%bc%d0%b0%d1%86%d0%b8%d1%8f","status":"publish","type":"page","link":"https:\/\/www.flokfw.pl\/?page_id=1282&lang=ru","title":{"rendered":"\u041a\u043e\u043d\u0442\u0430\u043a\u0442\u043d\u0430\u044f \u0438\u043d\u0444\u043e\u0440\u043c\u0430\u0446\u0438\u044f"},"content":{"rendered":"\n<div class=\"wp-block-columns is-layout-flex wp-container-core-columns-is-layout-9d6595d7 wp-block-columns-is-layout-flex\">\n<div class=\"wp-block-column is-layout-flow wp-block-column-is-layout-flow\">\n<p>FLOCK F.W.<br>Miros\u0142aw Machulski<br>ul. Kolumny 562<br>93-649 \u0141\u00f3d\u017a<br>Polska<br>NIP: PL7290008024<\/p>\n<\/div>\n\n\n\n<div class=\"wp-block-column is-layout-flow wp-block-column-is-layout-flow\">\n<p>+48 602 368 301<br>+48 501 716 349<br>+48 42 649 96 12<br><br>e-mail:\u00a0 flokfw@gmail.com<br>www: <a href=\"https:\/\/www.flokfw.pl\">www.flokfw.pl<\/a><\/p>\n<\/div>\n<\/div>\n\n\n\n<div class=\"wp-block-columns is-layout-flex wp-container-core-columns-is-layout-9d6595d7 wp-block-columns-is-layout-flex\">\n<div class=\"wp-block-column is-layout-flow wp-block-column-is-layout-flow\">\n<p><br><br>51\u00b042\u201938.1\u2033N 19\u00b035\u201931.6\u2033E<br>51.710570 N, 19.592112 E<\/p>\n<\/div>\n\n\n\n<div class=\"wp-block-column is-layout-flow wp-block-column-is-layout-flow\">\n<figure class=\"wp-block-image size-large\"><a href=\"https:\/\/www.openstreetmap.org\/?mlat=51.71053&amp;mlon=19.59211#map=19\/51.71053\/19.59211\" target=\"_blank\" rel=\"noopener noreferrer\"><img loading=\"lazy\" decoding=\"async\" width=\"1920\" height=\"1081\" src=\"https:\/\/www.flokfw.pl\/wp-content\/uploads\/2020\/07\/mapa_duza_01-1920x1081.jpg\" alt=\"\" class=\"wp-image-1343\" srcset=\"https:\/\/www.flokfw.pl\/wp-content\/uploads\/2020\/07\/mapa_duza_01-1920x1080.jpg 1920w, https:\/\/www.flokfw.pl\/wp-content\/uploads\/2020\/07\/mapa_duza_01-800x450.jpg 800w, https:\/\/www.flokfw.pl\/wp-content\/uploads\/2020\/07\/mapa_duza_01-420x236.jpg 420w, https:\/\/www.flokfw.pl\/wp-content\/uploads\/2020\/07\/mapa_duza_01-768x432.jpg 768w, https:\/\/www.flokfw.pl\/wp-content\/uploads\/2020\/07\/mapa_duza_01-1536x865.jpg 1536w, https:\/\/www.flokfw.pl\/wp-content\/uploads\/2020\/07\/mapa_duza_01-2048x1153.jpg 2048w\" sizes=\"auto, (max-width: 1920px) 100vw, 1920px\" \/><\/a><\/figure>\n<\/div>\n<\/div>\n\n\n\n<p>Facebook: <a href=\"https:\/\/www.facebook.com\/flokfw\/\">www.facebook.com\/flokfw\/<\/a><\/p>\n\n\n\n<p>YouTube: <a href=\"https:\/\/www.youtube.com\/channel\/UCY02q1mjbBblBp-Wp2-Q0nw\">www.youtube.com\/channel\/UCY02q1mjbBblBp-Wp2-Q0nw<\/a><\/p>\n\n\n\n<p>\u042d\u0442\u043e\u0442 \u0441\u0430\u0439\u0442 \u0438\u0441\u043f\u043e\u043b\u044c\u0437\u0443\u0435\u0442 cookie, \u0447\u0442\u043e\u0431\u044b \u043e\u043a\u0430\u0437\u044b\u0432\u0430\u0442\u044c \u0443\u0441\u043b\u0443\u0433\u0438 \u043d\u0430 \u043d\u0430\u0438\u0432\u044b\u0441\u0448\u0435\u043c \u0443\u0440\u043e\u0432\u043d\u0435. \u0414\u0430\u043b\u044c\u043d\u0435\u0439\u0448\u0435\u0435 \u043f\u043e\u043b\u044c\u0437\u043e\u0432\u0430\u043d\u0438\u0435 \u0441\u0430\u0439\u0442\u043e\u043c \u043e\u0437\u043d\u0430\u0447\u0430\u0435\u0442, \u0447\u0442\u043e \u0442\u044b \u0441\u043e\u0433\u043b\u0430\u0448\u0430\u0435\u0448\u044c\u0441\u044f \u043d\u0430 \u0438\u0445 \u0438\u0441\u043f\u043e\u043b\u044c\u0437\u043e\u0432\u0430\u043d\u0438\u0435.<\/p>\n","protected":false},"excerpt":{"rendered":"<div class=\"entry-summary\">\nFLOCK F.W.Miros\u0142aw Machulskiul. Kolumny 56293-649 \u0141\u00f3d\u017aPolskaNIP: PL7290008024 +48 602 368 301+48 501 716 349+48 42 649 96 12 e-mail:\u00a0 flokfw@gmail.comwww:&hellip;\n<\/div>\n<div class=\"link-more\"><a href=\"https:\/\/www.flokfw.pl\/?page_id=1282&#038;lang=ru\" class=\"more-link\">Continue reading<span class=\"screen-reader-text\"> &ldquo;\u041a\u043e\u043d\u0442\u0430\u043a\u0442\u043d\u0430\u044f \u0438\u043d\u0444\u043e\u0440\u043c\u0430\u0446\u0438\u044f&rdquo;<\/span>&hellip;<\/a><\/div>\n","protected":false},"author":1,"featured_media":0,"parent":0,"menu_order":0,"comment_status":"closed","ping_status":"closed","template":"","meta":{"_acf_changed":false,"footnotes":""},"class_list":["post-1282","page","type-page","status-publish","hentry","entry"],"acf":[],"jetpack_sharing_enabled":true,"_links":{"self":[{"href":"https:\/\/www.flokfw.pl\/index.php?rest_route=\/wp\/v2\/pages\/1282","targetHints":{"allow":["GET"]}}],"collection":[{"href":"https:\/\/www.flokfw.pl\/index.php?rest_route=\/wp\/v2\/pages"}],"about":[{"href":"https:\/\/www.flokfw.pl\/index.php?rest_route=\/wp\/v2\/types\/page"}],"author":[{"embeddable":true,"href":"https:\/\/www.flokfw.pl\/index.php?rest_route=\/wp\/v2\/users\/1"}],"replies":[{"embeddable":true,"href":"https:\/\/www.flokfw.pl\/index.php?rest_route=%2Fwp%2Fv2%2Fcomments&post=1282"}],"version-history":[{"count":5,"href":"https:\/\/www.flokfw.pl\/index.php?rest_route=\/wp\/v2\/pages\/1282\/revisions"}],"predecessor-version":[{"id":1395,"href":"https:\/\/www.flokfw.pl\/index.php?rest_route=\/wp\/v2\/pages\/1282\/revisions\/1395"}],"wp:attachment":[{"href":"https:\/\/www.flokfw.pl\/index.php?rest_route=%2Fwp%2Fv2%2Fmedia&parent=1282"}],"curies":[{"name":"wp","href":"https:\/\/api.w.org\/{rel}","templated":true}]}}