{"id":1359,"date":"2021-02-25T19:02:35","date_gmt":"2021-02-25T18:02:35","guid":{"rendered":"https:\/\/www.flokfw.pl\/?page_id=1359"},"modified":"2021-02-25T19:02:36","modified_gmt":"2021-02-25T18:02:36","slug":"flok-na-podlozu-samoprzylepnym","status":"publish","type":"page","link":"https:\/\/www.flokfw.pl\/?page_id=1359","title":{"rendered":"FLOK NA POD\u0141O\u017bU SAMOPRZYLEPNYM"},"content":{"rendered":"\n<p class=\"has-medium-font-size\"><strong>NOWO\u015a\u0106 na 2021 rok !<\/strong><br>Posiadamy ju\u017c w ofercie FLOK na pod\u0142o\u017cu samoprzylepnym &#8211; pod\u0142o\u017ce to dzianina lub w\u0142\u00f3knina z klejem zabezpieczonym warstw\u0105 papieru ochronnego.<\/p>\n\n\n\n<p>FLOK na pod\u0142o\u017cu samoprzylepnym dost\u0119pny jest w rolkach o szeroko\u015bci 1,5m i d\u0142ugo\u015bci ca\u0142kowitej 45,5m lub 91m. Istnieje mo\u017cliwo\u015b\u0107 zakupu mniejszej ilo\u015bci ni\u017c ca\u0142a rolka &#8211; prosimy o kontakt telefoniczny lub e-mailowy.<\/p>\n\n\n\n<p>Na chwil\u0119 obecn\u0105 posiadamy kilka podstawowych kolor\u00f3w FLOKU na pod\u0142o\u017cu samoprzylepnym, lecz nasza oferta b\u0119dzie stale poszerzana. <\/p>\n\n\n\n<p><strong>ZASTOSOWANIE<\/strong><br>FLOKU samoprzylepnego jest zbli\u017cone do zastosowa\u0144 papieru flokowanego, jest jednak rozszerzone o wszelkie aplikacje wymagaj\u0105ce elastyczno\u015bci powierzchni z flokiem. <br>FLOK na pod\u0142o\u017cu samoprzylepnym najcz\u0119\u015bciej stosuje si\u0119 do wyklejania wewn\u0119trznych i zewn\u0119trznych powierzchni pude\u0142ek i opakowa\u0144, mo\u017cna go tak\u017ce stosowa\u0107 na powierzchnie elastyczne, typu pianka\/g\u0105bka gdy\u017c ma mo\u017cliwo\u015b\u0107 &#8222;pracy&#8221; wraz z pod\u0142o\u017cem.<\/p>\n\n\n\n<div class=\"wp-block-jetpack-tiled-gallery aligncenter is-style-rectangular\"><div class=\"tiled-gallery__gallery\"><div class=\"tiled-gallery__row\"><div class=\"tiled-gallery__col\" style=\"flex-basis:62.05063737466171%\"><figure class=\"tiled-gallery__item\"><img decoding=\"async\" srcset=\"https:\/\/i0.wp.com\/www.flokfw.pl\/wp-content\/uploads\/2021\/02\/dzianina_01.jpg?strip=info&#038;w=600&#038;ssl=1 600w,https:\/\/i0.wp.com\/www.flokfw.pl\/wp-content\/uploads\/2021\/02\/dzianina_01.jpg?strip=info&#038;w=900&#038;ssl=1 900w,https:\/\/i0.wp.com\/www.flokfw.pl\/wp-content\/uploads\/2021\/02\/dzianina_01.jpg?strip=info&#038;w=1200&#038;ssl=1 1200w,https:\/\/i0.wp.com\/www.flokfw.pl\/wp-content\/uploads\/2021\/02\/dzianina_01.jpg?strip=info&#038;w=1500&#038;ssl=1 1500w,https:\/\/i0.wp.com\/www.flokfw.pl\/wp-content\/uploads\/2021\/02\/dzianina_01.jpg?strip=info&#038;w=1800&#038;ssl=1 1800w,https:\/\/i0.wp.com\/www.flokfw.pl\/wp-content\/uploads\/2021\/02\/dzianina_01.jpg?strip=info&#038;w=1920&#038;ssl=1 1920w\" alt=\"\" data-height=\"1123\" data-id=\"1377\" data-link=\"https:\/\/www.flokfw.pl\/?attachment_id=1377\" data-url=\"https:\/\/www.flokfw.pl\/wp-content\/uploads\/2021\/02\/dzianina_01.jpg\" data-width=\"1920\" src=\"https:\/\/i0.wp.com\/www.flokfw.pl\/wp-content\/uploads\/2021\/02\/dzianina_01.jpg?ssl=1\" layout=\"responsive\"\/><\/figure><figure class=\"tiled-gallery__item\"><img decoding=\"async\" srcset=\"https:\/\/i2.wp.com\/www.flokfw.pl\/wp-content\/uploads\/2021\/02\/dzianina_03.jpg?strip=info&#038;w=600&#038;ssl=1 600w,https:\/\/i2.wp.com\/www.flokfw.pl\/wp-content\/uploads\/2021\/02\/dzianina_03.jpg?strip=info&#038;w=900&#038;ssl=1 900w,https:\/\/i2.wp.com\/www.flokfw.pl\/wp-content\/uploads\/2021\/02\/dzianina_03.jpg?strip=info&#038;w=1200&#038;ssl=1 1200w,https:\/\/i2.wp.com\/www.flokfw.pl\/wp-content\/uploads\/2021\/02\/dzianina_03.jpg?strip=info&#038;w=1500&#038;ssl=1 1500w,https:\/\/i2.wp.com\/www.flokfw.pl\/wp-content\/uploads\/2021\/02\/dzianina_03.jpg?strip=info&#038;w=1800&#038;ssl=1 1800w,https:\/\/i2.wp.com\/www.flokfw.pl\/wp-content\/uploads\/2021\/02\/dzianina_03.jpg?strip=info&#038;w=1920&#038;ssl=1 1920w\" alt=\"\" data-height=\"1080\" data-id=\"1375\" data-link=\"https:\/\/www.flokfw.pl\/?attachment_id=1375\" data-url=\"https:\/\/www.flokfw.pl\/wp-content\/uploads\/2021\/02\/dzianina_03.jpg\" data-width=\"1920\" src=\"https:\/\/i2.wp.com\/www.flokfw.pl\/wp-content\/uploads\/2021\/02\/dzianina_03.jpg?ssl=1\" layout=\"responsive\"\/><\/figure><\/div><div class=\"tiled-gallery__col\" style=\"flex-basis:37.9493626253383%\"><figure class=\"tiled-gallery__item\"><img decoding=\"async\" srcset=\"https:\/\/i2.wp.com\/www.flokfw.pl\/wp-content\/uploads\/2021\/02\/dzianina_05.jpg?strip=info&#038;w=600&#038;ssl=1 600w,https:\/\/i2.wp.com\/www.flokfw.pl\/wp-content\/uploads\/2021\/02\/dzianina_05.jpg?strip=info&#038;w=900&#038;ssl=1 900w,https:\/\/i2.wp.com\/www.flokfw.pl\/wp-content\/uploads\/2021\/02\/dzianina_05.jpg?strip=info&#038;w=1008&#038;ssl=1 1008w\" alt=\"\" data-height=\"1920\" data-id=\"1373\" data-link=\"https:\/\/www.flokfw.pl\/?attachment_id=1373\" data-url=\"https:\/\/www.flokfw.pl\/wp-content\/uploads\/2021\/02\/dzianina_05.jpg\" data-width=\"1008\" src=\"https:\/\/i2.wp.com\/www.flokfw.pl\/wp-content\/uploads\/2021\/02\/dzianina_05.jpg?ssl=1\" layout=\"responsive\"\/><\/figure><\/div><\/div><div class=\"tiled-gallery__row\"><div class=\"tiled-gallery__col\" style=\"flex-basis:49.120080520326%\"><figure class=\"tiled-gallery__item\"><img decoding=\"async\" srcset=\"https:\/\/i2.wp.com\/www.flokfw.pl\/wp-content\/uploads\/2021\/02\/dzianina_07.jpg?strip=info&#038;w=600&#038;ssl=1 600w,https:\/\/i2.wp.com\/www.flokfw.pl\/wp-content\/uploads\/2021\/02\/dzianina_07.jpg?strip=info&#038;w=900&#038;ssl=1 900w,https:\/\/i2.wp.com\/www.flokfw.pl\/wp-content\/uploads\/2021\/02\/dzianina_07.jpg?strip=info&#038;w=1080&#038;ssl=1 1080w\" alt=\"\" data-height=\"1920\" data-id=\"1371\" data-link=\"https:\/\/www.flokfw.pl\/?attachment_id=1371\" data-url=\"https:\/\/www.flokfw.pl\/wp-content\/uploads\/2021\/02\/dzianina_07.jpg\" data-width=\"1080\" src=\"https:\/\/i2.wp.com\/www.flokfw.pl\/wp-content\/uploads\/2021\/02\/dzianina_07.jpg?ssl=1\" layout=\"responsive\"\/><\/figure><\/div><div class=\"tiled-gallery__col\" style=\"flex-basis:50.87991947967401%\"><figure class=\"tiled-gallery__item\"><img decoding=\"async\" srcset=\"https:\/\/i0.wp.com\/www.flokfw.pl\/wp-content\/uploads\/2021\/02\/dzianina_13.jpg?strip=info&#038;w=600&#038;ssl=1 600w,https:\/\/i0.wp.com\/www.flokfw.pl\/wp-content\/uploads\/2021\/02\/dzianina_13.jpg?strip=info&#038;w=900&#038;ssl=1 900w,https:\/\/i0.wp.com\/www.flokfw.pl\/wp-content\/uploads\/2021\/02\/dzianina_13.jpg?strip=info&#038;w=1200&#038;ssl=1 1200w,https:\/\/i0.wp.com\/www.flokfw.pl\/wp-content\/uploads\/2021\/02\/dzianina_13.jpg?strip=info&#038;w=1500&#038;ssl=1 1500w,https:\/\/i0.wp.com\/www.flokfw.pl\/wp-content\/uploads\/2021\/02\/dzianina_13.jpg?strip=info&#038;w=1800&#038;ssl=1 1800w,https:\/\/i0.wp.com\/www.flokfw.pl\/wp-content\/uploads\/2021\/02\/dzianina_13.jpg?strip=info&#038;w=1920&#038;ssl=1 1920w\" alt=\"\" data-height=\"1080\" data-id=\"1365\" data-link=\"https:\/\/www.flokfw.pl\/?attachment_id=1365\" data-url=\"https:\/\/www.flokfw.pl\/wp-content\/uploads\/2021\/02\/dzianina_13.jpg\" data-width=\"1920\" src=\"https:\/\/i0.wp.com\/www.flokfw.pl\/wp-content\/uploads\/2021\/02\/dzianina_13.jpg?ssl=1\" layout=\"responsive\"\/><\/figure><figure class=\"tiled-gallery__item\"><img decoding=\"async\" srcset=\"https:\/\/i2.wp.com\/www.flokfw.pl\/wp-content\/uploads\/2021\/02\/dzianina_14.jpg?strip=info&#038;w=600&#038;ssl=1 600w,https:\/\/i2.wp.com\/www.flokfw.pl\/wp-content\/uploads\/2021\/02\/dzianina_14.jpg?strip=info&#038;w=900&#038;ssl=1 900w,https:\/\/i2.wp.com\/www.flokfw.pl\/wp-content\/uploads\/2021\/02\/dzianina_14.jpg?strip=info&#038;w=1200&#038;ssl=1 1200w,https:\/\/i2.wp.com\/www.flokfw.pl\/wp-content\/uploads\/2021\/02\/dzianina_14.jpg?strip=info&#038;w=1500&#038;ssl=1 1500w,https:\/\/i2.wp.com\/www.flokfw.pl\/wp-content\/uploads\/2021\/02\/dzianina_14.jpg?strip=info&#038;w=1800&#038;ssl=1 1800w,https:\/\/i2.wp.com\/www.flokfw.pl\/wp-content\/uploads\/2021\/02\/dzianina_14.jpg?strip=info&#038;w=1920&#038;ssl=1 1920w\" alt=\"\" data-height=\"1080\" data-id=\"1364\" data-link=\"https:\/\/www.flokfw.pl\/?attachment_id=1364\" data-url=\"https:\/\/www.flokfw.pl\/wp-content\/uploads\/2021\/02\/dzianina_14.jpg\" data-width=\"1920\" src=\"https:\/\/i2.wp.com\/www.flokfw.pl\/wp-content\/uploads\/2021\/02\/dzianina_14.jpg?ssl=1\" layout=\"responsive\"\/><\/figure><figure class=\"tiled-gallery__item\"><img decoding=\"async\" srcset=\"https:\/\/i0.wp.com\/www.flokfw.pl\/wp-content\/uploads\/2021\/02\/dzianina_17.jpg?strip=info&#038;w=600&#038;ssl=1 600w,https:\/\/i0.wp.com\/www.flokfw.pl\/wp-content\/uploads\/2021\/02\/dzianina_17.jpg?strip=info&#038;w=900&#038;ssl=1 900w,https:\/\/i0.wp.com\/www.flokfw.pl\/wp-content\/uploads\/2021\/02\/dzianina_17.jpg?strip=info&#038;w=1200&#038;ssl=1 1200w,https:\/\/i0.wp.com\/www.flokfw.pl\/wp-content\/uploads\/2021\/02\/dzianina_17.jpg?strip=info&#038;w=1500&#038;ssl=1 1500w,https:\/\/i0.wp.com\/www.flokfw.pl\/wp-content\/uploads\/2021\/02\/dzianina_17.jpg?strip=info&#038;w=1800&#038;ssl=1 1800w,https:\/\/i0.wp.com\/www.flokfw.pl\/wp-content\/uploads\/2021\/02\/dzianina_17.jpg?strip=info&#038;w=1920&#038;ssl=1 1920w\" alt=\"\" data-height=\"1080\" data-id=\"1361\" data-link=\"https:\/\/www.flokfw.pl\/?attachment_id=1361\" data-url=\"https:\/\/www.flokfw.pl\/wp-content\/uploads\/2021\/02\/dzianina_17.jpg\" data-width=\"1920\" src=\"https:\/\/i0.wp.com\/www.flokfw.pl\/wp-content\/uploads\/2021\/02\/dzianina_17.jpg?ssl=1\" layout=\"responsive\"\/><\/figure><\/div><\/div><div class=\"tiled-gallery__row\"><div class=\"tiled-gallery__col\" style=\"flex-basis:50%\"><figure class=\"tiled-gallery__item\"><img decoding=\"async\" srcset=\"https:\/\/i1.wp.com\/www.flokfw.pl\/wp-content\/uploads\/2021\/02\/dzianina_15.jpg?strip=info&#038;w=600&#038;ssl=1 600w,https:\/\/i1.wp.com\/www.flokfw.pl\/wp-content\/uploads\/2021\/02\/dzianina_15.jpg?strip=info&#038;w=900&#038;ssl=1 900w,https:\/\/i1.wp.com\/www.flokfw.pl\/wp-content\/uploads\/2021\/02\/dzianina_15.jpg?strip=info&#038;w=1200&#038;ssl=1 1200w,https:\/\/i1.wp.com\/www.flokfw.pl\/wp-content\/uploads\/2021\/02\/dzianina_15.jpg?strip=info&#038;w=1500&#038;ssl=1 1500w,https:\/\/i1.wp.com\/www.flokfw.pl\/wp-content\/uploads\/2021\/02\/dzianina_15.jpg?strip=info&#038;w=1800&#038;ssl=1 1800w,https:\/\/i1.wp.com\/www.flokfw.pl\/wp-content\/uploads\/2021\/02\/dzianina_15.jpg?strip=info&#038;w=1920&#038;ssl=1 1920w\" alt=\"\" data-height=\"1080\" data-id=\"1363\" data-link=\"https:\/\/www.flokfw.pl\/?attachment_id=1363\" data-url=\"https:\/\/www.flokfw.pl\/wp-content\/uploads\/2021\/02\/dzianina_15.jpg\" data-width=\"1920\" src=\"https:\/\/i1.wp.com\/www.flokfw.pl\/wp-content\/uploads\/2021\/02\/dzianina_15.jpg?ssl=1\" layout=\"responsive\"\/><\/figure><\/div><div class=\"tiled-gallery__col\" style=\"flex-basis:50%\"><figure class=\"tiled-gallery__item\"><img decoding=\"async\" srcset=\"https:\/\/i2.wp.com\/www.flokfw.pl\/wp-content\/uploads\/2021\/02\/dzianina_16.jpg?strip=info&#038;w=600&#038;ssl=1 600w,https:\/\/i2.wp.com\/www.flokfw.pl\/wp-content\/uploads\/2021\/02\/dzianina_16.jpg?strip=info&#038;w=900&#038;ssl=1 900w,https:\/\/i2.wp.com\/www.flokfw.pl\/wp-content\/uploads\/2021\/02\/dzianina_16.jpg?strip=info&#038;w=1200&#038;ssl=1 1200w,https:\/\/i2.wp.com\/www.flokfw.pl\/wp-content\/uploads\/2021\/02\/dzianina_16.jpg?strip=info&#038;w=1500&#038;ssl=1 1500w,https:\/\/i2.wp.com\/www.flokfw.pl\/wp-content\/uploads\/2021\/02\/dzianina_16.jpg?strip=info&#038;w=1800&#038;ssl=1 1800w,https:\/\/i2.wp.com\/www.flokfw.pl\/wp-content\/uploads\/2021\/02\/dzianina_16.jpg?strip=info&#038;w=1920&#038;ssl=1 1920w\" alt=\"\" data-height=\"1080\" data-id=\"1362\" data-link=\"https:\/\/www.flokfw.pl\/?attachment_id=1362\" data-url=\"https:\/\/www.flokfw.pl\/wp-content\/uploads\/2021\/02\/dzianina_16.jpg\" data-width=\"1920\" src=\"https:\/\/i2.wp.com\/www.flokfw.pl\/wp-content\/uploads\/2021\/02\/dzianina_16.jpg?ssl=1\" layout=\"responsive\"\/><\/figure><\/div><\/div><\/div><\/div>\n","protected":false},"excerpt":{"rendered":"<div class=\"entry-summary\">\nNOWO\u015a\u0106 na 2021 rok !Posiadamy ju\u017c w ofercie FLOK na pod\u0142o\u017cu samoprzylepnym &#8211; pod\u0142o\u017ce to dzianina lub w\u0142\u00f3knina z klejem&hellip;\n<\/div>\n<div class=\"link-more\"><a href=\"https:\/\/www.flokfw.pl\/?page_id=1359\" class=\"more-link\">Continue reading<span class=\"screen-reader-text\"> &ldquo;FLOK NA POD\u0141O\u017bU SAMOPRZYLEPNYM&rdquo;<\/span>&hellip;<\/a><\/div>\n","protected":false},"author":1,"featured_media":1364,"parent":0,"menu_order":0,"comment_status":"closed","ping_status":"closed","template":"","meta":{"_acf_changed":false,"footnotes":""},"class_list":["post-1359","page","type-page","status-publish","has-post-thumbnail","hentry","entry","is-featured"],"acf":[],"jetpack_sharing_enabled":true,"_links":{"self":[{"href":"https:\/\/www.flokfw.pl\/index.php?rest_route=\/wp\/v2\/pages\/1359","targetHints":{"allow":["GET"]}}],"collection":[{"href":"https:\/\/www.flokfw.pl\/index.php?rest_route=\/wp\/v2\/pages"}],"about":[{"href":"https:\/\/www.flokfw.pl\/index.php?rest_route=\/wp\/v2\/types\/page"}],"author":[{"embeddable":true,"href":"https:\/\/www.flokfw.pl\/index.php?rest_route=\/wp\/v2\/users\/1"}],"replies":[{"embeddable":true,"href":"https:\/\/www.flokfw.pl\/index.php?rest_route=%2Fwp%2Fv2%2Fcomments&post=1359"}],"version-history":[{"count":11,"href":"https:\/\/www.flokfw.pl\/index.php?rest_route=\/wp\/v2\/pages\/1359\/revisions"}],"predecessor-version":[{"id":1389,"href":"https:\/\/www.flokfw.pl\/index.php?rest_route=\/wp\/v2\/pages\/1359\/revisions\/1389"}],"wp:featuredmedia":[{"embeddable":true,"href":"https:\/\/www.flokfw.pl\/index.php?rest_route=\/wp\/v2\/media\/1364"}],"wp:attachment":[{"href":"https:\/\/www.flokfw.pl\/index.php?rest_route=%2Fwp%2Fv2%2Fmedia&parent=1359"}],"curies":[{"name":"wp","href":"https:\/\/api.w.org\/{rel}","templated":true}]}}