{"id":15,"date":"2017-07-12T16:43:23","date_gmt":"2017-07-12T14:43:23","guid":{"rendered":"http:\/\/themedemos.webmandesign.eu\/modern\/?page_id=15"},"modified":"2020-06-09T14:52:38","modified_gmt":"2020-06-09T12:52:38","slug":"home","status":"publish","type":"page","link":"https:\/\/www.flokfw.pl\/","title":{"rendered":"WITAMY NA NASZEJ STRONIE"},"content":{"rendered":"<hr \/>\n<p class=\"h3\" style=\"text-align: left;\">Firma Wielobran\u017cowa FLOCK oferuje Pa\u0144stwu wszystkie niezb\u0119dne produkty do rozpocz\u0119cia, jak i sta\u0142ej produkcji z wykorzystaniem technologii FLOKOWANIA.<br \/>\nOferujemy zar\u00f3wno urz\u0105dzenia umo\u017cliwiaj\u0105ce nanoszenie FLOKU, jak i niezb\u0119dne do tego celu kleje oraz oczywi\u015bcie FLOK w ro\u017cnych rodzajach i kolorach.<br \/>\nW naszej ofercie znajduj\u0105 si\u0119 tak\u017ce gotowe p\u00f3\u0142produkty wykorzystuj\u0105ce FLOK, jak na przyk\u0142ad FLOKOWANY papier.<br \/>\nOferujemy tak\u017ce us\u0142ugi FLOKOWANIA element\u00f3w dostarczonych przez klienta.<br \/>\nSzczeg\u00f3\u0142y oferty znajduj\u0105 si\u0119 w dalszych cz\u0119\u015bciach naszej strony a z wszelkimi pytaniami prosimy zwraca\u0107 si\u0119 telefonicznie lub e-mailowo.<\/p>\n<hr \/>\n","protected":false},"excerpt":{"rendered":"<div class=\"entry-summary\">\nFirma Wielobran\u017cowa FLOCK oferuje Pa\u0144stwu wszystkie niezb\u0119dne produkty do rozpocz\u0119cia, jak i sta\u0142ej produkcji z wykorzystaniem technologii FLOKOWANIA. Oferujemy zar\u00f3wno&hellip;\n<\/div>\n<div class=\"link-more\"><a href=\"https:\/\/www.flokfw.pl\/\" class=\"more-link\">Continue reading<span class=\"screen-reader-text\"> &ldquo;WITAMY NA NASZEJ STRONIE&rdquo;<\/span>&hellip;<\/a><\/div>\n","protected":false},"author":1,"featured_media":780,"parent":0,"menu_order":0,"comment_status":"closed","ping_status":"closed","template":"page-template\/_front.php","meta":{"_acf_changed":false,"footnotes":""},"class_list":["post-15","page","type-page","status-publish","has-post-thumbnail","hentry","entry"],"acf":[],"jetpack_sharing_enabled":true,"_links":{"self":[{"href":"https:\/\/www.flokfw.pl\/index.php?rest_route=\/wp\/v2\/pages\/15","targetHints":{"allow":["GET"]}}],"collection":[{"href":"https:\/\/www.flokfw.pl\/index.php?rest_route=\/wp\/v2\/pages"}],"about":[{"href":"https:\/\/www.flokfw.pl\/index.php?rest_route=\/wp\/v2\/types\/page"}],"author":[{"embeddable":true,"href":"https:\/\/www.flokfw.pl\/index.php?rest_route=\/wp\/v2\/users\/1"}],"replies":[{"embeddable":true,"href":"https:\/\/www.flokfw.pl\/index.php?rest_route=%2Fwp%2Fv2%2Fcomments&post=15"}],"version-history":[{"count":20,"href":"https:\/\/www.flokfw.pl\/index.php?rest_route=\/wp\/v2\/pages\/15\/revisions"}],"predecessor-version":[{"id":785,"href":"https:\/\/www.flokfw.pl\/index.php?rest_route=\/wp\/v2\/pages\/15\/revisions\/785"}],"wp:featuredmedia":[{"embeddable":true,"href":"https:\/\/www.flokfw.pl\/index.php?rest_route=\/wp\/v2\/media\/780"}],"wp:attachment":[{"href":"https:\/\/www.flokfw.pl\/index.php?rest_route=%2Fwp%2Fv2%2Fmedia&parent=15"}],"curies":[{"name":"wp","href":"https:\/\/api.w.org\/{rel}","templated":true}]}}