{"id":587,"date":"2020-06-05T16:35:05","date_gmt":"2020-06-05T14:35:05","guid":{"rendered":"http:\/\/flokfw.pl\/?page_id=587"},"modified":"2020-06-09T16:52:15","modified_gmt":"2020-06-09T14:52:15","slug":"o-firmie-flock-f-w","status":"publish","type":"page","link":"https:\/\/www.flokfw.pl\/?page_id=587","title":{"rendered":"O FIRMIE FLOCK F.W."},"content":{"rendered":"\n<p>Firma Wielobran\u017cowa Flock istnieje na rynku od ponad 40 lat. Na pocz\u0105tku swojego istnienia skupiali\u015bmy si\u0119 na produkcji floku wiskozowego oraz r\u0119cznych urz\u0105dze\u0144 flokuj\u0105cych, w dalszej kolejno\u015bci rozwijaj\u0105c nasz\u0105 ofert\u0119 o produkcj\u0119 flokowanych tapet oraz flokowanego papieru, kt\u00f3ry oferujemy do dzisiaj.<\/p>\n\n\n\n<p>Przetrwali\u015bmy okres transformacji, stale si\u0119 rozwijaj\u0105c i rozszerzaj\u0105c zakres naszych us\u0142ug. Obecnie posiadamy w swojej ofercie opr\u00f3cz floku wiskozowego tak\u017ce flok poliamidowy, flok bawe\u0142niany, flokowany papier, r\u00f3\u017cnego rodzaju kleje niezb\u0119dne do flokowania, r\u0119czne urz\u0105dzenia do flokowania (elektrostaty) a na zam\u00f3wienie produkujemy r\u00f3wnie\u017c wolnostoj\u0105ce maszyny do flokowania. A\u017ceby sprosta\u0107 stale zmieniaj\u0105cym si\u0119 wymaganiom rynkowym, poszerzyli\u015bmy nasz\u0105 ofert\u0119 o us\u0142ugi flokowania.<\/p>\n","protected":false},"excerpt":{"rendered":"<div class=\"entry-summary\">\nFirma Wielobran\u017cowa Flock istnieje na rynku od ponad 40 lat. Na pocz\u0105tku swojego istnienia skupiali\u015bmy si\u0119 na produkcji floku wiskozowego&hellip;\n<\/div>\n<div class=\"link-more\"><a href=\"https:\/\/www.flokfw.pl\/?page_id=587\" class=\"more-link\">Continue reading<span class=\"screen-reader-text\"> &ldquo;O FIRMIE FLOCK F.W.&rdquo;<\/span>&hellip;<\/a><\/div>\n","protected":false},"author":1,"featured_media":510,"parent":0,"menu_order":0,"comment_status":"closed","ping_status":"closed","template":"","meta":{"_acf_changed":false,"footnotes":""},"class_list":["post-587","page","type-page","status-publish","has-post-thumbnail","hentry","entry"],"acf":[],"jetpack_sharing_enabled":true,"_links":{"self":[{"href":"https:\/\/www.flokfw.pl\/index.php?rest_route=\/wp\/v2\/pages\/587","targetHints":{"allow":["GET"]}}],"collection":[{"href":"https:\/\/www.flokfw.pl\/index.php?rest_route=\/wp\/v2\/pages"}],"about":[{"href":"https:\/\/www.flokfw.pl\/index.php?rest_route=\/wp\/v2\/types\/page"}],"author":[{"embeddable":true,"href":"https:\/\/www.flokfw.pl\/index.php?rest_route=\/wp\/v2\/users\/1"}],"replies":[{"embeddable":true,"href":"https:\/\/www.flokfw.pl\/index.php?rest_route=%2Fwp%2Fv2%2Fcomments&post=587"}],"version-history":[{"count":3,"href":"https:\/\/www.flokfw.pl\/index.php?rest_route=\/wp\/v2\/pages\/587\/revisions"}],"predecessor-version":[{"id":826,"href":"https:\/\/www.flokfw.pl\/index.php?rest_route=\/wp\/v2\/pages\/587\/revisions\/826"}],"wp:featuredmedia":[{"embeddable":true,"href":"https:\/\/www.flokfw.pl\/index.php?rest_route=\/wp\/v2\/media\/510"}],"wp:attachment":[{"href":"https:\/\/www.flokfw.pl\/index.php?rest_route=%2Fwp%2Fv2%2Fmedia&parent=587"}],"curies":[{"name":"wp","href":"https:\/\/api.w.org\/{rel}","templated":true}]}}