{"id":65,"date":"2020-06-04T14:30:35","date_gmt":"2020-06-04T12:30:35","guid":{"rendered":"http:\/\/flokfw.pl\/?page_id=65"},"modified":"2025-11-13T15:09:28","modified_gmt":"2025-11-13T14:09:28","slug":"kontakt","status":"publish","type":"page","link":"https:\/\/www.flokfw.pl\/?page_id=65","title":{"rendered":"KONTAKT"},"content":{"rendered":"\n<div class=\"wp-block-columns is-layout-flex wp-container-core-columns-is-layout-9d6595d7 wp-block-columns-is-layout-flex\">\n<div class=\"wp-block-column is-layout-flow wp-block-column-is-layout-flow\">\n<p>FLOCK F.W.<br>Miros\u0142aw Machulski<br>ul. Kolumny 562<br>93-649 \u0141\u00f3d\u017a<br>Polska<br>NIP: PL7290008024<\/p>\n<\/div>\n\n\n\n<div class=\"wp-block-column is-layout-flow wp-block-column-is-layout-flow\">\n<p><br>+48 602 368 301<br>+48 501 716 349<br>+48 42 649 96 12<br>e-mail:\u00a0 flokfw@gmail.com<br>www: <a href=\"http:\/\/www.flokfw.pl\">www.flokfw.pl<\/a><\/p>\n<\/div>\n<\/div>\n\n\n\n<div class=\"wp-block-columns is-layout-flex wp-container-core-columns-is-layout-9d6595d7 wp-block-columns-is-layout-flex\">\n<div class=\"wp-block-column is-layout-flow wp-block-column-is-layout-flow\">\n<p><br><br>51\u00b042&#8217;38.1&#8243;N 19\u00b035&#8217;31.6&#8243;E<br>51.710570 N, 19.592112 E<\/p>\n<\/div>\n\n\n\n<div class=\"wp-block-column is-layout-flow wp-block-column-is-layout-flow\">\n<figure class=\"wp-block-image size-large\"><a href=\"https:\/\/www.openstreetmap.org\/?mlat=51.71053&amp;mlon=19.59211#map=19\/51.71053\/19.59211\" target=\"_blank\" rel=\"noopener noreferrer\"><img loading=\"lazy\" decoding=\"async\" width=\"1920\" height=\"1081\" src=\"https:\/\/www.flokfw.pl\/wp-content\/uploads\/2020\/07\/mapa_duza_01-1920x1081.jpg\" alt=\"\" class=\"wp-image-1343\" srcset=\"https:\/\/www.flokfw.pl\/wp-content\/uploads\/2020\/07\/mapa_duza_01-1920x1080.jpg 1920w, https:\/\/www.flokfw.pl\/wp-content\/uploads\/2020\/07\/mapa_duza_01-800x450.jpg 800w, https:\/\/www.flokfw.pl\/wp-content\/uploads\/2020\/07\/mapa_duza_01-420x236.jpg 420w, https:\/\/www.flokfw.pl\/wp-content\/uploads\/2020\/07\/mapa_duza_01-768x432.jpg 768w, https:\/\/www.flokfw.pl\/wp-content\/uploads\/2020\/07\/mapa_duza_01-1536x865.jpg 1536w, https:\/\/www.flokfw.pl\/wp-content\/uploads\/2020\/07\/mapa_duza_01-2048x1153.jpg 2048w\" sizes=\"auto, (max-width: 1920px) 100vw, 1920px\" \/><\/a><\/figure>\n\n\n\n<p><\/p>\n<\/div>\n<\/div>\n\n\n\n<p>Facebook: <a href=\"https:\/\/www.facebook.com\/flokfw\/\">www.facebook.com\/flokfw\/<\/a><\/p>\n\n\n\n<p>YouTube: <a href=\"https:\/\/www.youtube.com\/channel\/UCY02q1mjbBblBp-Wp2-Q0nw\">www.youtube.com\/channel\/UCY02q1mjbBblBp-Wp2-Q0nw<\/a><\/p>\n\n\n\n<p>Ta strona korzysta z ciasteczek aby \u015bwiadczy\u0107 us\u0142ugi na najwy\u017cszym poziomie. Dalsze korzystanie ze strony oznacza, \u017ce zgadzasz si\u0119 na ich u\u017cycie.<\/p>\n","protected":false},"excerpt":{"rendered":"<div class=\"entry-summary\">\nFLOCK F.W.Miros\u0142aw Machulskiul. Kolumny 56293-649 \u0141\u00f3d\u017aPolskaNIP: PL7290008024 +48 602 368 301+48 501 716 349+48 42 649 96 12e-mail:\u00a0 flokfw@gmail.comwww: www.flokfw.pl&hellip;\n<\/div>\n<div class=\"link-more\"><a href=\"https:\/\/www.flokfw.pl\/?page_id=65\" class=\"more-link\">Continue reading<span class=\"screen-reader-text\"> &ldquo;KONTAKT&rdquo;<\/span>&hellip;<\/a><\/div>\n","protected":false},"author":1,"featured_media":0,"parent":0,"menu_order":0,"comment_status":"closed","ping_status":"closed","template":"","meta":{"_acf_changed":false,"footnotes":""},"class_list":["post-65","page","type-page","status-publish","hentry","entry"],"acf":[],"jetpack_sharing_enabled":true,"_links":{"self":[{"href":"https:\/\/www.flokfw.pl\/index.php?rest_route=\/wp\/v2\/pages\/65","targetHints":{"allow":["GET"]}}],"collection":[{"href":"https:\/\/www.flokfw.pl\/index.php?rest_route=\/wp\/v2\/pages"}],"about":[{"href":"https:\/\/www.flokfw.pl\/index.php?rest_route=\/wp\/v2\/types\/page"}],"author":[{"embeddable":true,"href":"https:\/\/www.flokfw.pl\/index.php?rest_route=\/wp\/v2\/users\/1"}],"replies":[{"embeddable":true,"href":"https:\/\/www.flokfw.pl\/index.php?rest_route=%2Fwp%2Fv2%2Fcomments&post=65"}],"version-history":[{"count":16,"href":"https:\/\/www.flokfw.pl\/index.php?rest_route=\/wp\/v2\/pages\/65\/revisions"}],"predecessor-version":[{"id":1394,"href":"https:\/\/www.flokfw.pl\/index.php?rest_route=\/wp\/v2\/pages\/65\/revisions\/1394"}],"wp:attachment":[{"href":"https:\/\/www.flokfw.pl\/index.php?rest_route=%2Fwp%2Fv2%2Fmedia&parent=65"}],"curies":[{"name":"wp","href":"https:\/\/api.w.org\/{rel}","templated":true}]}}