{"id":683,"date":"2020-06-08T15:07:11","date_gmt":"2020-06-08T13:07:11","guid":{"rendered":"http:\/\/flokfw.pl\/?page_id=683"},"modified":"2020-06-16T20:17:39","modified_gmt":"2020-06-16T18:17:39","slug":"flok","status":"publish","type":"page","link":"https:\/\/www.flokfw.pl\/?page_id=683","title":{"rendered":"FLOK"},"content":{"rendered":"\n<p>Flok (z ang. \u201eflock\u201d), zwany niekiedy r\u00f3wnie\u017c strzy\u017c\u0105 tekstyln\u0105, to drobno ci\u0119te w\u0142\u00f3kno, kt\u00f3re po poddaniu odpowiednim procesom chemicznym uzyskuje w\u0142a\u015bciwo\u015bci elektrostatyczne, konieczne do w\u0142a\u015bciwej aplikacji na wybran\u0105 powierzchni\u0119.<\/p>\n\n\n\n<p>Flok produkowany jest z kilku rodzaj\u00f3w w\u0142\u00f3kien. Mo\u017ce to by\u0107 w\u0142\u00f3kno wiskozowe, poliestrowe lub poliamidowe. Na rynku, oraz w naszej ofercie znajd\u0105 Pa\u0144stwo r\u00f3wnie\u017c flok bawe\u0142niany, bardzo popularny w\u015br\u00f3d producent\u00f3w ozd\u00f3b \u015bwi\u0105tecznych.<\/p>\n\n\n\n<div class=\"wp-block-group alignwide\"><div class=\"wp-block-group__inner-container is-layout-flow wp-block-group-is-layout-flow\">\n<div class=\"wp-block-group\"><div class=\"wp-block-group__inner-container is-layout-flow wp-block-group-is-layout-flow\">\n<figure class=\"wp-block-image\"><a href=\"..\/?page_id=687\"><img loading=\"lazy\" decoding=\"async\" width=\"1200\" height=\"675\" src=\"http:\/\/flokfw.pl\/wp-content\/uploads\/2020\/06\/flok_choinka_01.jpg\" alt=\"\" class=\"wp-image-839\" srcset=\"https:\/\/www.flokfw.pl\/wp-content\/uploads\/2020\/06\/flok_choinka_01.jpg 1200w, https:\/\/www.flokfw.pl\/wp-content\/uploads\/2020\/06\/flok_choinka_01-800x450.jpg 800w, https:\/\/www.flokfw.pl\/wp-content\/uploads\/2020\/06\/flok_choinka_01-420x236.jpg 420w, https:\/\/www.flokfw.pl\/wp-content\/uploads\/2020\/06\/flok_choinka_01-768x432.jpg 768w\" sizes=\"auto, (max-width: 1200px) 100vw, 1200px\" \/><\/a><figcaption><strong><em>FLOK BAWE\u0141NIANY<\/em><\/strong><\/figcaption><\/figure>\n<\/div><\/div>\n<\/div><\/div>\n\n\n\n<p><\/p>\n\n\n\n<div class=\"wp-block-group\"><div class=\"wp-block-group__inner-container is-layout-flow wp-block-group-is-layout-flow\">\n<figure class=\"wp-block-image\"><a href=\"..\/?page_id=694\"><img loading=\"lazy\" decoding=\"async\" width=\"1920\" height=\"1181\" src=\"http:\/\/flokfw.pl\/wp-content\/uploads\/2020\/06\/flok_panel_06.jpg\" alt=\"\" class=\"wp-image-910\" srcset=\"https:\/\/www.flokfw.pl\/wp-content\/uploads\/2020\/06\/flok_panel_06.jpg 1920w, https:\/\/www.flokfw.pl\/wp-content\/uploads\/2020\/06\/flok_panel_06-800x492.jpg 800w, https:\/\/www.flokfw.pl\/wp-content\/uploads\/2020\/06\/flok_panel_06-420x258.jpg 420w, https:\/\/www.flokfw.pl\/wp-content\/uploads\/2020\/06\/flok_panel_06-768x472.jpg 768w, https:\/\/www.flokfw.pl\/wp-content\/uploads\/2020\/06\/flok_panel_06-1536x945.jpg 1536w\" sizes=\"auto, (max-width: 1920px) 100vw, 1920px\" \/><\/a><figcaption><strong><em>FLOK POLIAMIDOWY<\/em><\/strong><\/figcaption><\/figure>\n<\/div><\/div>\n\n\n\n<p><\/p>\n\n\n\n<div class=\"wp-block-group alignwide\"><div class=\"wp-block-group__inner-container is-layout-flow wp-block-group-is-layout-flow\">\n<div class=\"wp-block-group\"><div class=\"wp-block-group__inner-container is-layout-flow wp-block-group-is-layout-flow\">\n<div class=\"wp-block-image\"><figure class=\"aligncenter\"><a href=\"..\/?page_id=685\"><img loading=\"lazy\" decoding=\"async\" width=\"1280\" height=\"719\" src=\"http:\/\/flokfw.pl\/wp-content\/uploads\/2020\/06\/flok_wycier_01b.jpg\" alt=\"\" class=\"wp-image-929\" srcset=\"https:\/\/www.flokfw.pl\/wp-content\/uploads\/2020\/06\/flok_wycier_01b.jpg 1280w, https:\/\/www.flokfw.pl\/wp-content\/uploads\/2020\/06\/flok_wycier_01b-800x449.jpg 800w, https:\/\/www.flokfw.pl\/wp-content\/uploads\/2020\/06\/flok_wycier_01b-420x236.jpg 420w, https:\/\/www.flokfw.pl\/wp-content\/uploads\/2020\/06\/flok_wycier_01b-768x431.jpg 768w\" sizes=\"auto, (max-width: 1280px) 100vw, 1280px\" \/><\/a><figcaption><strong><em>FLOK POLIESTROWY<\/em><\/strong><\/figcaption><\/figure><\/div>\n<\/div><\/div>\n<\/div><\/div>\n\n\n\n<p><\/p>\n\n\n\n<div class=\"wp-block-group\"><div class=\"wp-block-group__inner-container is-layout-flow wp-block-group-is-layout-flow\">\n<figure class=\"wp-block-image\"><a href=\"..\/?page_id=681\"><img loading=\"lazy\" decoding=\"async\" width=\"1200\" height=\"675\" src=\"http:\/\/flokfw.pl\/wp-content\/uploads\/2020\/06\/tlo_04-1200x675.jpg\" alt=\"\" class=\"wp-image-528\" srcset=\"https:\/\/www.flokfw.pl\/wp-content\/uploads\/2020\/06\/tlo_04-1200x675.jpg 1200w, https:\/\/www.flokfw.pl\/wp-content\/uploads\/2020\/06\/tlo_04-744x419.jpg 744w, https:\/\/www.flokfw.pl\/wp-content\/uploads\/2020\/06\/tlo_04-420x236.jpg 420w, https:\/\/www.flokfw.pl\/wp-content\/uploads\/2020\/06\/tlo_04-768x432.jpg 768w, https:\/\/www.flokfw.pl\/wp-content\/uploads\/2020\/06\/tlo_04-1536x864.jpg 1536w, https:\/\/www.flokfw.pl\/wp-content\/uploads\/2020\/06\/tlo_04.jpg 1920w\" sizes=\"auto, (max-width: 1200px) 100vw, 1200px\" \/><\/a><figcaption><strong><em>FLOK WISKOZOWY<\/em><\/strong><\/figcaption><\/figure>\n<\/div><\/div>\n","protected":false},"excerpt":{"rendered":"<div class=\"entry-summary\">\nFlok (z ang. \u201eflock\u201d), zwany niekiedy r\u00f3wnie\u017c strzy\u017c\u0105 tekstyln\u0105, to drobno ci\u0119te w\u0142\u00f3kno, kt\u00f3re po poddaniu odpowiednim procesom chemicznym uzyskuje&hellip;\n<\/div>\n<div class=\"link-more\"><a href=\"https:\/\/www.flokfw.pl\/?page_id=683\" class=\"more-link\">Continue reading<span class=\"screen-reader-text\"> &ldquo;FLOK&rdquo;<\/span>&hellip;<\/a><\/div>\n","protected":false},"author":1,"featured_media":510,"parent":0,"menu_order":0,"comment_status":"closed","ping_status":"closed","template":"","meta":{"_acf_changed":false,"footnotes":""},"class_list":["post-683","page","type-page","status-publish","has-post-thumbnail","hentry","entry"],"acf":[],"jetpack_sharing_enabled":true,"_links":{"self":[{"href":"https:\/\/www.flokfw.pl\/index.php?rest_route=\/wp\/v2\/pages\/683","targetHints":{"allow":["GET"]}}],"collection":[{"href":"https:\/\/www.flokfw.pl\/index.php?rest_route=\/wp\/v2\/pages"}],"about":[{"href":"https:\/\/www.flokfw.pl\/index.php?rest_route=\/wp\/v2\/types\/page"}],"author":[{"embeddable":true,"href":"https:\/\/www.flokfw.pl\/index.php?rest_route=\/wp\/v2\/users\/1"}],"replies":[{"embeddable":true,"href":"https:\/\/www.flokfw.pl\/index.php?rest_route=%2Fwp%2Fv2%2Fcomments&post=683"}],"version-history":[{"count":32,"href":"https:\/\/www.flokfw.pl\/index.php?rest_route=\/wp\/v2\/pages\/683\/revisions"}],"predecessor-version":[{"id":1070,"href":"https:\/\/www.flokfw.pl\/index.php?rest_route=\/wp\/v2\/pages\/683\/revisions\/1070"}],"wp:featuredmedia":[{"embeddable":true,"href":"https:\/\/www.flokfw.pl\/index.php?rest_route=\/wp\/v2\/media\/510"}],"wp:attachment":[{"href":"https:\/\/www.flokfw.pl\/index.php?rest_route=%2Fwp%2Fv2%2Fmedia&parent=683"}],"curies":[{"name":"wp","href":"https:\/\/api.w.org\/{rel}","templated":true}]}}