{"id":685,"date":"2020-06-08T15:08:28","date_gmt":"2020-06-08T13:08:28","guid":{"rendered":"http:\/\/flokfw.pl\/?page_id=685"},"modified":"2020-06-15T18:22:23","modified_gmt":"2020-06-15T16:22:23","slug":"flok-poliestrowy","status":"publish","type":"page","link":"https:\/\/www.flokfw.pl\/?page_id=685","title":{"rendered":"FLOK POLIESTROWY"},"content":{"rendered":"\n<p>Poliester jest syntetycznym w\u0142\u00f3knem o wysokiej odporno\u015bci na gor\u0105co, wilgo\u0107 oraz o d\u0142ugiej \u017cywotno\u015bci. Z w\u0142\u00f3kien poliestrowych o niskiej g\u0119sto\u015bci (0,1-0,5 Dtex) pozyskiwany jest bardzo lekki flok, doskona\u0142y do uzyskania powierzchni podobnych do naturalnej sk\u00f3ry. W\u0142a\u015bciwo\u015bci floku poliestrowego s\u0105 zbli\u017cone do floku poliamidowego.<\/p>\n\n\n\n<div class=\"wp-block-jetpack-tiled-gallery aligncenter is-style-rectangular\"><div class=\"tiled-gallery__gallery\"><div class=\"tiled-gallery__row\"><div class=\"tiled-gallery__col\"><figure class=\"tiled-gallery__item\"><img decoding=\"async\" srcset=\"http:\/\/flokfw.pl\/wp-content\/uploads\/2020\/06\/flok_wycier_01.jpg?strip=info&#038;w=500 500w\" alt=\"\" data-height=\"281\" data-id=\"885\" data-link=\"http:\/\/flokfw.pl\/flok\/flok_wycier_01\/\" data-url=\"http:\/\/flokfw.pl\/wp-content\/uploads\/2020\/06\/flok_wycier_01.jpg\" data-width=\"500\" src=\"http:\/\/flokfw.pl\/wp-content\/uploads\/2020\/06\/flok_wycier_01.jpg\"\/><\/figure><\/div><div class=\"tiled-gallery__col\"><figure class=\"tiled-gallery__item\"><img decoding=\"async\" srcset=\"http:\/\/flokfw.pl\/wp-content\/uploads\/2020\/06\/flok_mater_01.jpg?strip=info&#038;w=600 600w,http:\/\/flokfw.pl\/wp-content\/uploads\/2020\/06\/flok_mater_01.jpg?strip=info&#038;w=732 732w\" alt=\"\" data-height=\"427\" data-id=\"884\" data-link=\"http:\/\/flokfw.pl\/flok\/flok_mater_01\/\" data-url=\"http:\/\/flokfw.pl\/wp-content\/uploads\/2020\/06\/flok_mater_01.jpg\" data-width=\"732\" src=\"http:\/\/flokfw.pl\/wp-content\/uploads\/2020\/06\/flok_mater_01.jpg\"\/><\/figure><\/div><\/div><div class=\"tiled-gallery__row\"><div class=\"tiled-gallery__col\"><figure class=\"tiled-gallery__item\"><img decoding=\"async\" srcset=\"http:\/\/flokfw.pl\/wp-content\/uploads\/2020\/06\/flok_wycier_02.jpg?strip=info&#038;w=580 580w\" alt=\"\" data-height=\"287\" data-id=\"883\" data-link=\"http:\/\/flokfw.pl\/flok\/flok_wycier_02\/\" data-url=\"http:\/\/flokfw.pl\/wp-content\/uploads\/2020\/06\/flok_wycier_02.jpg\" data-width=\"580\" src=\"http:\/\/flokfw.pl\/wp-content\/uploads\/2020\/06\/flok_wycier_02.jpg\"\/><\/figure><\/div><div class=\"tiled-gallery__col\"><figure class=\"tiled-gallery__item\"><img decoding=\"async\" srcset=\"http:\/\/flokfw.pl\/wp-content\/uploads\/2020\/06\/flok_mater_02.jpg?strip=info&#038;w=500 500w\" alt=\"\" data-height=\"375\" data-id=\"882\" data-link=\"http:\/\/flokfw.pl\/flok\/flok_mater_02\/\" data-url=\"http:\/\/flokfw.pl\/wp-content\/uploads\/2020\/06\/flok_mater_02.jpg\" data-width=\"500\" src=\"http:\/\/flokfw.pl\/wp-content\/uploads\/2020\/06\/flok_mater_02.jpg\"\/><\/figure><\/div><div class=\"tiled-gallery__col\"><figure class=\"tiled-gallery__item\"><img decoding=\"async\" srcset=\"http:\/\/flokfw.pl\/wp-content\/uploads\/2020\/06\/flok_mater_03.jpg?strip=info&#038;w=500 500w\" alt=\"\" data-height=\"375\" data-id=\"881\" data-link=\"http:\/\/flokfw.pl\/flok\/flok_mater_03\/\" data-url=\"http:\/\/flokfw.pl\/wp-content\/uploads\/2020\/06\/flok_mater_03.jpg\" data-width=\"500\" src=\"http:\/\/flokfw.pl\/wp-content\/uploads\/2020\/06\/flok_mater_03.jpg\"\/><\/figure><\/div><div class=\"tiled-gallery__col\"><figure class=\"tiled-gallery__item\"><img decoding=\"async\" srcset=\"http:\/\/flokfw.pl\/wp-content\/uploads\/2020\/06\/flok_mater_04.jpg?strip=info&#038;w=300 300w\" alt=\"\" data-height=\"300\" data-id=\"880\" data-link=\"http:\/\/flokfw.pl\/flok\/flok_mater_04\/\" data-url=\"http:\/\/flokfw.pl\/wp-content\/uploads\/2020\/06\/flok_mater_04.jpg\" data-width=\"300\" src=\"http:\/\/flokfw.pl\/wp-content\/uploads\/2020\/06\/flok_mater_04.jpg\"\/><\/figure><\/div><\/div><\/div><\/div>\n","protected":false},"excerpt":{"rendered":"<div class=\"entry-summary\">\nPoliester jest syntetycznym w\u0142\u00f3knem o wysokiej odporno\u015bci na gor\u0105co, wilgo\u0107 oraz o d\u0142ugiej \u017cywotno\u015bci. Z w\u0142\u00f3kien poliestrowych o niskiej g\u0119sto\u015bci&hellip;\n<\/div>\n<div class=\"link-more\"><a href=\"https:\/\/www.flokfw.pl\/?page_id=685\" class=\"more-link\">Continue reading<span class=\"screen-reader-text\"> &ldquo;FLOK POLIESTROWY&rdquo;<\/span>&hellip;<\/a><\/div>\n","protected":false},"author":1,"featured_media":929,"parent":0,"menu_order":0,"comment_status":"closed","ping_status":"closed","template":"","meta":{"_acf_changed":false,"footnotes":""},"class_list":["post-685","page","type-page","status-publish","has-post-thumbnail","hentry","entry"],"acf":[],"jetpack_sharing_enabled":true,"_links":{"self":[{"href":"https:\/\/www.flokfw.pl\/index.php?rest_route=\/wp\/v2\/pages\/685","targetHints":{"allow":["GET"]}}],"collection":[{"href":"https:\/\/www.flokfw.pl\/index.php?rest_route=\/wp\/v2\/pages"}],"about":[{"href":"https:\/\/www.flokfw.pl\/index.php?rest_route=\/wp\/v2\/types\/page"}],"author":[{"embeddable":true,"href":"https:\/\/www.flokfw.pl\/index.php?rest_route=\/wp\/v2\/users\/1"}],"replies":[{"embeddable":true,"href":"https:\/\/www.flokfw.pl\/index.php?rest_route=%2Fwp%2Fv2%2Fcomments&post=685"}],"version-history":[{"count":3,"href":"https:\/\/www.flokfw.pl\/index.php?rest_route=\/wp\/v2\/pages\/685\/revisions"}],"predecessor-version":[{"id":936,"href":"https:\/\/www.flokfw.pl\/index.php?rest_route=\/wp\/v2\/pages\/685\/revisions\/936"}],"wp:featuredmedia":[{"embeddable":true,"href":"https:\/\/www.flokfw.pl\/index.php?rest_route=\/wp\/v2\/media\/929"}],"wp:attachment":[{"href":"https:\/\/www.flokfw.pl\/index.php?rest_route=%2Fwp%2Fv2%2Fmedia&parent=685"}],"curies":[{"name":"wp","href":"https:\/\/api.w.org\/{rel}","templated":true}]}}