{"id":687,"date":"2020-06-08T17:35:36","date_gmt":"2020-06-08T15:35:36","guid":{"rendered":"http:\/\/flokfw.pl\/?page_id=687"},"modified":"2020-07-16T13:06:19","modified_gmt":"2020-07-16T11:06:19","slug":"flok-bawelniany","status":"publish","type":"page","link":"https:\/\/www.flokfw.pl\/?page_id=687","title":{"rendered":"FLOK BAWE\u0141NIANY"},"content":{"rendered":"\n<p>Flok bawe\u0142niany produkowany jest w procesie mielenia skrawk\u00f3w tkanin bawe\u0142nianych oraz d\u017cerseju bawe\u0142nianego &#8211; jest to zatem produkt pochodz\u0105cy z recyklingu i jednocze\u015bnie biodegradowalny. Powierzchnie poflokowane tym flokiem s\u0105 matowe i t\u0119pe w dotyku.<\/p>\n\n\n\n<p>Najpopularniejszym zastosowaniem floku bawe\u0142nianego jest tzw. &#8222;\u015bnie\u017cenie&#8221; choinek, kt\u00f3re trafiaj\u0105 do sprzeda\u017cy w okresie \u015bwi\u0105tecznym. Flok bawe\u0142niany jest odporny na tarcie.<\/p>\n\n\n\n<div class=\"wp-block-jetpack-tiled-gallery is-style-rectangular\"><div class=\"tiled-gallery__gallery\"><div class=\"tiled-gallery__row\"><div class=\"tiled-gallery__col\"><figure class=\"tiled-gallery__item\"><img decoding=\"async\" srcset=\"http:\/\/flokfw.pl\/wp-content\/uploads\/2020\/06\/flok_choinka_01.jpg?strip=info&#038;w=600 600w,http:\/\/flokfw.pl\/wp-content\/uploads\/2020\/06\/flok_choinka_01.jpg?strip=info&#038;w=900 900w,http:\/\/flokfw.pl\/wp-content\/uploads\/2020\/06\/flok_choinka_01.jpg?strip=info&#038;w=1200 1200w\" alt=\"\" data-height=\"675\" data-id=\"839\" data-link=\"http:\/\/flokfw.pl\/flok_choinka_01\/\" data-url=\"http:\/\/flokfw.pl\/wp-content\/uploads\/2020\/06\/flok_choinka_01.jpg\" data-width=\"1200\" src=\"http:\/\/flokfw.pl\/wp-content\/uploads\/2020\/06\/flok_choinka_01.jpg\"\/><\/figure><\/div><div class=\"tiled-gallery__col\"><figure class=\"tiled-gallery__item\"><img decoding=\"async\" srcset=\"http:\/\/flokfw.pl\/wp-content\/uploads\/2020\/06\/flok_choinka_03.jpg?strip=info&#038;w=600 600w,http:\/\/flokfw.pl\/wp-content\/uploads\/2020\/06\/flok_choinka_03.jpg?strip=info&#038;w=697 697w\" alt=\"\" data-height=\"1266\" data-id=\"841\" data-link=\"http:\/\/flokfw.pl\/flok_choinka_03\/\" data-url=\"http:\/\/flokfw.pl\/wp-content\/uploads\/2020\/06\/flok_choinka_03.jpg\" data-width=\"697\" src=\"http:\/\/flokfw.pl\/wp-content\/uploads\/2020\/06\/flok_choinka_03.jpg\"\/><\/figure><\/div><div class=\"tiled-gallery__col\"><figure class=\"tiled-gallery__item\"><img decoding=\"async\" srcset=\"http:\/\/flokfw.pl\/wp-content\/uploads\/2020\/06\/flok_choinka_02.jpg?strip=info&#038;w=600 600w,http:\/\/flokfw.pl\/wp-content\/uploads\/2020\/06\/flok_choinka_02.jpg?strip=info&#038;w=900 900w,http:\/\/flokfw.pl\/wp-content\/uploads\/2020\/06\/flok_choinka_02.jpg?strip=info&#038;w=1143 1143w\" alt=\"\" data-height=\"867\" data-id=\"840\" data-link=\"http:\/\/flokfw.pl\/flok_choinka_02\/\" data-url=\"http:\/\/flokfw.pl\/wp-content\/uploads\/2020\/06\/flok_choinka_02.jpg\" data-width=\"1143\" src=\"http:\/\/flokfw.pl\/wp-content\/uploads\/2020\/06\/flok_choinka_02.jpg\"\/><\/figure><\/div><\/div><\/div><\/div>\n\n\n\n<p><\/p>\n","protected":false},"excerpt":{"rendered":"<div class=\"entry-summary\">\nFlok bawe\u0142niany produkowany jest w procesie mielenia skrawk\u00f3w tkanin bawe\u0142nianych oraz d\u017cerseju bawe\u0142nianego &#8211; jest to zatem produkt pochodz\u0105cy z&hellip;\n<\/div>\n<div class=\"link-more\"><a href=\"https:\/\/www.flokfw.pl\/?page_id=687\" class=\"more-link\">Continue reading<span class=\"screen-reader-text\"> &ldquo;FLOK BAWE\u0141NIANY&rdquo;<\/span>&hellip;<\/a><\/div>\n","protected":false},"author":1,"featured_media":839,"parent":0,"menu_order":0,"comment_status":"closed","ping_status":"closed","template":"","meta":{"_acf_changed":false,"footnotes":""},"class_list":["post-687","page","type-page","status-publish","has-post-thumbnail","hentry","entry","is-featured"],"acf":[],"jetpack_sharing_enabled":true,"_links":{"self":[{"href":"https:\/\/www.flokfw.pl\/index.php?rest_route=\/wp\/v2\/pages\/687","targetHints":{"allow":["GET"]}}],"collection":[{"href":"https:\/\/www.flokfw.pl\/index.php?rest_route=\/wp\/v2\/pages"}],"about":[{"href":"https:\/\/www.flokfw.pl\/index.php?rest_route=\/wp\/v2\/types\/page"}],"author":[{"embeddable":true,"href":"https:\/\/www.flokfw.pl\/index.php?rest_route=\/wp\/v2\/users\/1"}],"replies":[{"embeddable":true,"href":"https:\/\/www.flokfw.pl\/index.php?rest_route=%2Fwp%2Fv2%2Fcomments&post=687"}],"version-history":[{"count":4,"href":"https:\/\/www.flokfw.pl\/index.php?rest_route=\/wp\/v2\/pages\/687\/revisions"}],"predecessor-version":[{"id":934,"href":"https:\/\/www.flokfw.pl\/index.php?rest_route=\/wp\/v2\/pages\/687\/revisions\/934"}],"wp:featuredmedia":[{"embeddable":true,"href":"https:\/\/www.flokfw.pl\/index.php?rest_route=\/wp\/v2\/media\/839"}],"wp:attachment":[{"href":"https:\/\/www.flokfw.pl\/index.php?rest_route=%2Fwp%2Fv2%2Fmedia&parent=687"}],"curies":[{"name":"wp","href":"https:\/\/api.w.org\/{rel}","templated":true}]}}