{"id":694,"date":"2020-06-08T15:13:28","date_gmt":"2020-06-08T13:13:28","guid":{"rendered":"http:\/\/flokfw.pl\/?page_id=694"},"modified":"2020-06-24T15:05:49","modified_gmt":"2020-06-24T13:05:49","slug":"flok-poliamidowy","status":"publish","type":"page","link":"https:\/\/www.flokfw.pl\/?page_id=694","title":{"rendered":"FLOK POLIAMIDOWY"},"content":{"rendered":"\n<p>Pozyskiwany jest z syntetycznych w\u0142\u00f3kien poliamidowych, doceniany g\u0142\u00f3wnie za swoj\u0105 wyj\u0105tkow\u0105 trwa\u0142o\u015b\u0107. Flok poliamidowy oferujemy w dw\u00f3ch grubo\u015bciach w\u0142\u00f3kna, matowy oraz b\u0142yszcz\u0105cy, barwiony filierowo. Wyst\u0119puje tak\u017ce poliamidowy flok typu trilobal charakteryzuj\u0105cy si\u0119 tr\u00f3jk\u0105tnym przekrojem w\u0142\u00f3kna, stosowany g\u0142\u00f3wnie na wa\u0142ki malarskie ale nie tylko &#8211; umo\u017cliwia on tak\u017ce osi\u0105gni\u0119cie nietypowych refleks\u00f3w \u015bwietlnych poflokowanych powierzchni. Flok poliamidowy stosowany jest wszechstronnie &#8211; od przemys\u0142u po zastosowania dekoracyjne.<\/p>\n\n\n\n<p>Powierzchnie pokryte flokiem poliamidowym w dotyku przypominaj\u0105 aksamit, a ponadto s\u0105 bardzo odporne na wilgo\u0107, tarcie, czy zagniatanie. Flok poliamidowy, tak jak i w\u0142\u00f3kno, z kt\u00f3rego jest produkowany, jest bardzo elastyczny, lekki i szybkoschn\u0105cy.<\/p>\n\n\n\n<p>Wzornik kolor\u00f3w oferowanego floku dost\u0119pny jest <a href=\"..\/?page_id=1059\">TUTAJ<\/a><\/p>\n\n\n\n<div class=\"wp-block-jetpack-tiled-gallery aligncenter is-style-rectangular\"><div class=\"tiled-gallery__gallery\"><div class=\"tiled-gallery__row\"><div class=\"tiled-gallery__col\"><figure class=\"tiled-gallery__item\"><img decoding=\"async\" srcset=\"https:\/\/i2.wp.com\/flokfw.pl\/wp-content\/uploads\/2020\/06\/flok_panel_03.jpg?strip=info&#038;w=600 600w,https:\/\/i2.wp.com\/flokfw.pl\/wp-content\/uploads\/2020\/06\/flok_panel_03.jpg?strip=info&#038;w=900 900w,https:\/\/i2.wp.com\/flokfw.pl\/wp-content\/uploads\/2020\/06\/flok_panel_03.jpg?strip=info&#038;w=1200 1200w,https:\/\/i2.wp.com\/flokfw.pl\/wp-content\/uploads\/2020\/06\/flok_panel_03.jpg?strip=info&#038;w=1500 1500w,https:\/\/i2.wp.com\/flokfw.pl\/wp-content\/uploads\/2020\/06\/flok_panel_03.jpg?strip=info&#038;w=1800 1800w,https:\/\/i2.wp.com\/flokfw.pl\/wp-content\/uploads\/2020\/06\/flok_panel_03.jpg?strip=info&#038;w=1920 1920w\" alt=\"\" data-height=\"1080\" data-id=\"869\" data-link=\"http:\/\/flokfw.pl\/flok_panel_03\/\" data-url=\"http:\/\/flokfw.pl\/wp-content\/uploads\/2020\/06\/flok_panel_03.jpg\" data-width=\"1920\" src=\"https:\/\/i2.wp.com\/flokfw.pl\/wp-content\/uploads\/2020\/06\/flok_panel_03.jpg\"\/><\/figure><\/div><div class=\"tiled-gallery__col\"><figure class=\"tiled-gallery__item\"><img decoding=\"async\" srcset=\"https:\/\/i2.wp.com\/flokfw.pl\/wp-content\/uploads\/2020\/06\/flok_panel_02.jpg?strip=info&#038;w=600 600w,https:\/\/i2.wp.com\/flokfw.pl\/wp-content\/uploads\/2020\/06\/flok_panel_02.jpg?strip=info&#038;w=900 900w,https:\/\/i2.wp.com\/flokfw.pl\/wp-content\/uploads\/2020\/06\/flok_panel_02.jpg?strip=info&#038;w=1200 1200w,https:\/\/i2.wp.com\/flokfw.pl\/wp-content\/uploads\/2020\/06\/flok_panel_02.jpg?strip=info&#038;w=1500 1500w,https:\/\/i2.wp.com\/flokfw.pl\/wp-content\/uploads\/2020\/06\/flok_panel_02.jpg?strip=info&#038;w=1800 1800w,https:\/\/i2.wp.com\/flokfw.pl\/wp-content\/uploads\/2020\/06\/flok_panel_02.jpg?strip=info&#038;w=1920 1920w\" alt=\"\" data-height=\"2194\" data-id=\"868\" data-link=\"http:\/\/flokfw.pl\/flok_panel_02\/\" data-url=\"http:\/\/flokfw.pl\/wp-content\/uploads\/2020\/06\/flok_panel_02.jpg\" data-width=\"1920\" src=\"https:\/\/i2.wp.com\/flokfw.pl\/wp-content\/uploads\/2020\/06\/flok_panel_02.jpg\"\/><\/figure><\/div><\/div><div class=\"tiled-gallery__row\"><div class=\"tiled-gallery__col\"><figure class=\"tiled-gallery__item\"><img decoding=\"async\" srcset=\"https:\/\/i2.wp.com\/flokfw.pl\/wp-content\/uploads\/2020\/06\/flok_panel_05.jpg?strip=info&#038;w=600 600w,https:\/\/i2.wp.com\/flokfw.pl\/wp-content\/uploads\/2020\/06\/flok_panel_05.jpg?strip=info&#038;w=900 900w,https:\/\/i2.wp.com\/flokfw.pl\/wp-content\/uploads\/2020\/06\/flok_panel_05.jpg?strip=info&#038;w=1200 1200w,https:\/\/i2.wp.com\/flokfw.pl\/wp-content\/uploads\/2020\/06\/flok_panel_05.jpg?strip=info&#038;w=1500 1500w,https:\/\/i2.wp.com\/flokfw.pl\/wp-content\/uploads\/2020\/06\/flok_panel_05.jpg?strip=info&#038;w=1600 1600w\" alt=\"\" data-height=\"900\" data-id=\"871\" data-link=\"http:\/\/flokfw.pl\/flok_panel_05\/\" data-url=\"http:\/\/flokfw.pl\/wp-content\/uploads\/2020\/06\/flok_panel_05.jpg\" data-width=\"1600\" src=\"https:\/\/i2.wp.com\/flokfw.pl\/wp-content\/uploads\/2020\/06\/flok_panel_05.jpg\"\/><\/figure><\/div><div class=\"tiled-gallery__col\"><figure class=\"tiled-gallery__item\"><img decoding=\"async\" srcset=\"https:\/\/i2.wp.com\/flokfw.pl\/wp-content\/uploads\/2020\/06\/flok_panel_04.jpg?strip=info&#038;w=600 600w,https:\/\/i2.wp.com\/flokfw.pl\/wp-content\/uploads\/2020\/06\/flok_panel_04.jpg?strip=info&#038;w=900 900w,https:\/\/i2.wp.com\/flokfw.pl\/wp-content\/uploads\/2020\/06\/flok_panel_04.jpg?strip=info&#038;w=1200 1200w,https:\/\/i2.wp.com\/flokfw.pl\/wp-content\/uploads\/2020\/06\/flok_panel_04.jpg?strip=info&#038;w=1500 1500w,https:\/\/i2.wp.com\/flokfw.pl\/wp-content\/uploads\/2020\/06\/flok_panel_04.jpg?strip=info&#038;w=1600 1600w\" alt=\"\" data-height=\"900\" data-id=\"870\" data-link=\"http:\/\/flokfw.pl\/flok_panel_04\/\" data-url=\"http:\/\/flokfw.pl\/wp-content\/uploads\/2020\/06\/flok_panel_04.jpg\" data-width=\"1600\" src=\"https:\/\/i2.wp.com\/flokfw.pl\/wp-content\/uploads\/2020\/06\/flok_panel_04.jpg\"\/><\/figure><\/div><\/div><div class=\"tiled-gallery__row\"><div class=\"tiled-gallery__col\"><figure class=\"tiled-gallery__item\"><img decoding=\"async\" srcset=\"https:\/\/i2.wp.com\/flokfw.pl\/wp-content\/uploads\/2020\/06\/flok_wlokna_01.jpg?strip=info&#038;w=600 600w,https:\/\/i2.wp.com\/flokfw.pl\/wp-content\/uploads\/2020\/06\/flok_wlokna_01.jpg?strip=info&#038;w=900 900w,https:\/\/i2.wp.com\/flokfw.pl\/wp-content\/uploads\/2020\/06\/flok_wlokna_01.jpg?strip=info&#038;w=1200 1200w,https:\/\/i2.wp.com\/flokfw.pl\/wp-content\/uploads\/2020\/06\/flok_wlokna_01.jpg?strip=info&#038;w=1500 1500w,https:\/\/i2.wp.com\/flokfw.pl\/wp-content\/uploads\/2020\/06\/flok_wlokna_01.jpg?strip=info&#038;w=1800 1800w,https:\/\/i2.wp.com\/flokfw.pl\/wp-content\/uploads\/2020\/06\/flok_wlokna_01.jpg?strip=info&#038;w=1920 1920w\" alt=\"\" data-height=\"1080\" data-id=\"873\" data-link=\"http:\/\/flokfw.pl\/flok_wlokna_01\/\" data-url=\"http:\/\/flokfw.pl\/wp-content\/uploads\/2020\/06\/flok_wlokna_01.jpg\" data-width=\"1920\" src=\"https:\/\/i2.wp.com\/flokfw.pl\/wp-content\/uploads\/2020\/06\/flok_wlokna_01.jpg\"\/><\/figure><\/div><div class=\"tiled-gallery__col\"><figure class=\"tiled-gallery__item\"><img decoding=\"async\" srcset=\"https:\/\/i1.wp.com\/flokfw.pl\/wp-content\/uploads\/2020\/06\/flok_panel_01.jpg?strip=info&#038;w=600 600w,https:\/\/i1.wp.com\/flokfw.pl\/wp-content\/uploads\/2020\/06\/flok_panel_01.jpg?strip=info&#038;w=900 900w,https:\/\/i1.wp.com\/flokfw.pl\/wp-content\/uploads\/2020\/06\/flok_panel_01.jpg?strip=info&#038;w=1200 1200w,https:\/\/i1.wp.com\/flokfw.pl\/wp-content\/uploads\/2020\/06\/flok_panel_01.jpg?strip=info&#038;w=1500 1500w,https:\/\/i1.wp.com\/flokfw.pl\/wp-content\/uploads\/2020\/06\/flok_panel_01.jpg?strip=info&#038;w=1800 1800w,https:\/\/i1.wp.com\/flokfw.pl\/wp-content\/uploads\/2020\/06\/flok_panel_01.jpg?strip=info&#038;w=1920 1920w\" alt=\"\" data-height=\"1080\" data-id=\"867\" data-link=\"http:\/\/flokfw.pl\/flok_panel_01\/\" data-url=\"http:\/\/flokfw.pl\/wp-content\/uploads\/2020\/06\/flok_panel_01.jpg\" data-width=\"1920\" src=\"https:\/\/i1.wp.com\/flokfw.pl\/wp-content\/uploads\/2020\/06\/flok_panel_01.jpg\"\/><\/figure><\/div><\/div><\/div><\/div>\n","protected":false},"excerpt":{"rendered":"<div class=\"entry-summary\">\nPozyskiwany jest z syntetycznych w\u0142\u00f3kien poliamidowych, doceniany g\u0142\u00f3wnie za swoj\u0105 wyj\u0105tkow\u0105 trwa\u0142o\u015b\u0107. Flok poliamidowy oferujemy w dw\u00f3ch grubo\u015bciach w\u0142\u00f3kna, matowy&hellip;\n<\/div>\n<div class=\"link-more\"><a href=\"https:\/\/www.flokfw.pl\/?page_id=694\" class=\"more-link\">Continue reading<span class=\"screen-reader-text\"> &ldquo;FLOK POLIAMIDOWY&rdquo;<\/span>&hellip;<\/a><\/div>\n","protected":false},"author":1,"featured_media":514,"parent":0,"menu_order":0,"comment_status":"closed","ping_status":"closed","template":"","meta":{"_acf_changed":false,"footnotes":""},"class_list":["post-694","page","type-page","status-publish","has-post-thumbnail","hentry","entry","is-featured"],"acf":[],"jetpack_sharing_enabled":true,"_links":{"self":[{"href":"https:\/\/www.flokfw.pl\/index.php?rest_route=\/wp\/v2\/pages\/694","targetHints":{"allow":["GET"]}}],"collection":[{"href":"https:\/\/www.flokfw.pl\/index.php?rest_route=\/wp\/v2\/pages"}],"about":[{"href":"https:\/\/www.flokfw.pl\/index.php?rest_route=\/wp\/v2\/types\/page"}],"author":[{"embeddable":true,"href":"https:\/\/www.flokfw.pl\/index.php?rest_route=\/wp\/v2\/users\/1"}],"replies":[{"embeddable":true,"href":"https:\/\/www.flokfw.pl\/index.php?rest_route=%2Fwp%2Fv2%2Fcomments&post=694"}],"version-history":[{"count":5,"href":"https:\/\/www.flokfw.pl\/index.php?rest_route=\/wp\/v2\/pages\/694\/revisions"}],"predecessor-version":[{"id":1121,"href":"https:\/\/www.flokfw.pl\/index.php?rest_route=\/wp\/v2\/pages\/694\/revisions\/1121"}],"wp:featuredmedia":[{"embeddable":true,"href":"https:\/\/www.flokfw.pl\/index.php?rest_route=\/wp\/v2\/media\/514"}],"wp:attachment":[{"href":"https:\/\/www.flokfw.pl\/index.php?rest_route=%2Fwp%2Fv2%2Fmedia&parent=694"}],"curies":[{"name":"wp","href":"https:\/\/api.w.org\/{rel}","templated":true}]}}