{"id":698,"date":"2020-06-08T15:16:38","date_gmt":"2020-06-08T13:16:38","guid":{"rendered":"http:\/\/flokfw.pl\/?page_id=698"},"modified":"2020-06-10T20:03:54","modified_gmt":"2020-06-10T18:03:54","slug":"urzadzenie-do-flokowania","status":"publish","type":"page","link":"https:\/\/www.flokfw.pl\/?page_id=698","title":{"rendered":"URZ\u0104DZENIA DO FLOKOWANIA"},"content":{"rendered":"\n<p>W sta\u0142ej ofercie oferujemy r\u0119czne maszyny flokuj\u0105ce (elektrostaty) &#8211; s\u0105 to urz\u0105dzenia konstruowane zgodnie z naszym autorskim projektem, ca\u0142o\u015bciowo wyprodukowane w Polsce. Na zam\u00f3wienie tworzymy r\u00f3wnie\u017c wi\u0119ksze maszyny i urz\u0105dzenia do flokowania konkretnych element\u00f3w, zgodnie z zapotrzebowaniem klienta.<\/p>\n\n\n\n<div class=\"wp-block-jetpack-tiled-gallery aligncenter is-style-rectangular\"><div class=\"tiled-gallery__gallery\"><div class=\"tiled-gallery__row\"><div class=\"tiled-gallery__col\"><figure class=\"tiled-gallery__item\"><img decoding=\"async\" srcset=\"http:\/\/flokfw.pl\/wp-content\/uploads\/2020\/06\/blur_elektrostat_02.jpg?strip=info&#038;w=600 600w,http:\/\/flokfw.pl\/wp-content\/uploads\/2020\/06\/blur_elektrostat_02.jpg?strip=info&#038;w=900 900w,http:\/\/flokfw.pl\/wp-content\/uploads\/2020\/06\/blur_elektrostat_02.jpg?strip=info&#038;w=1200 1200w,http:\/\/flokfw.pl\/wp-content\/uploads\/2020\/06\/blur_elektrostat_02.jpg?strip=info&#038;w=1280 1280w\" alt=\"\" data-height=\"794\" data-id=\"1016\" data-link=\"http:\/\/flokfw.pl\/blur_elektrostat_02\/\" data-url=\"http:\/\/flokfw.pl\/wp-content\/uploads\/2020\/06\/blur_elektrostat_02.jpg\" data-width=\"1280\" src=\"http:\/\/flokfw.pl\/wp-content\/uploads\/2020\/06\/blur_elektrostat_02.jpg\"\/><\/figure><\/div><div class=\"tiled-gallery__col\"><figure class=\"tiled-gallery__item\"><img decoding=\"async\" srcset=\"http:\/\/flokfw.pl\/wp-content\/uploads\/2020\/06\/blur_elektrostat_01.jpg?strip=info&#038;w=600 600w,http:\/\/flokfw.pl\/wp-content\/uploads\/2020\/06\/blur_elektrostat_01.jpg?strip=info&#038;w=900 900w,http:\/\/flokfw.pl\/wp-content\/uploads\/2020\/06\/blur_elektrostat_01.jpg?strip=info&#038;w=1200 1200w,http:\/\/flokfw.pl\/wp-content\/uploads\/2020\/06\/blur_elektrostat_01.jpg?strip=info&#038;w=1280 1280w\" alt=\"\" data-height=\"635\" data-id=\"1015\" data-link=\"http:\/\/flokfw.pl\/blur_elektrostat_01\/\" data-url=\"http:\/\/flokfw.pl\/wp-content\/uploads\/2020\/06\/blur_elektrostat_01.jpg\" data-width=\"1280\" src=\"http:\/\/flokfw.pl\/wp-content\/uploads\/2020\/06\/blur_elektrostat_01.jpg\"\/><\/figure><\/div><\/div><div class=\"tiled-gallery__row\"><div class=\"tiled-gallery__col\"><figure class=\"tiled-gallery__item\"><img decoding=\"async\" srcset=\"http:\/\/flokfw.pl\/wp-content\/uploads\/2020\/06\/blur_elektrostat_03.jpg?strip=info&#038;w=600 600w,http:\/\/flokfw.pl\/wp-content\/uploads\/2020\/06\/blur_elektrostat_03.jpg?strip=info&#038;w=900 900w,http:\/\/flokfw.pl\/wp-content\/uploads\/2020\/06\/blur_elektrostat_03.jpg?strip=info&#038;w=1100 1100w\" alt=\"\" data-height=\"1280\" data-id=\"1017\" data-link=\"http:\/\/flokfw.pl\/blur_elektrostat_03\/\" data-url=\"http:\/\/flokfw.pl\/wp-content\/uploads\/2020\/06\/blur_elektrostat_03.jpg\" data-width=\"1100\" src=\"http:\/\/flokfw.pl\/wp-content\/uploads\/2020\/06\/blur_elektrostat_03.jpg\"\/><\/figure><\/div><div class=\"tiled-gallery__col\"><figure class=\"tiled-gallery__item\"><img decoding=\"async\" srcset=\"http:\/\/flokfw.pl\/wp-content\/uploads\/2020\/06\/maszyny_06.jpg?strip=info&#038;w=600 600w,http:\/\/flokfw.pl\/wp-content\/uploads\/2020\/06\/maszyny_06.jpg?strip=info&#038;w=900 900w,http:\/\/flokfw.pl\/wp-content\/uploads\/2020\/06\/maszyny_06.jpg?strip=info&#038;w=1080 1080w\" alt=\"\" data-height=\"1920\" data-id=\"974\" data-link=\"http:\/\/flokfw.pl\/uslugi-nietypowe-realizacje\/maszyny_06\/\" data-url=\"http:\/\/flokfw.pl\/wp-content\/uploads\/2020\/06\/maszyny_06.jpg\" data-width=\"1080\" src=\"http:\/\/flokfw.pl\/wp-content\/uploads\/2020\/06\/maszyny_06.jpg\"\/><\/figure><\/div><div class=\"tiled-gallery__col\"><figure class=\"tiled-gallery__item\"><img decoding=\"async\" srcset=\"http:\/\/flokfw.pl\/wp-content\/uploads\/2020\/06\/maszyny_04-scaled.jpg?strip=info&#038;w=600 600w,http:\/\/flokfw.pl\/wp-content\/uploads\/2020\/06\/maszyny_04-scaled.jpg?strip=info&#038;w=900 900w,http:\/\/flokfw.pl\/wp-content\/uploads\/2020\/06\/maszyny_04-scaled.jpg?strip=info&#038;w=1200 1200w,http:\/\/flokfw.pl\/wp-content\/uploads\/2020\/06\/maszyny_04-scaled.jpg?strip=info&#038;w=1380 1380w\" alt=\"\" data-height=\"2560\" data-id=\"975\" data-link=\"http:\/\/flokfw.pl\/uslugi-nietypowe-realizacje\/maszyny_04\/\" data-url=\"http:\/\/flokfw.pl\/wp-content\/uploads\/2020\/06\/maszyny_04-scaled.jpg\" data-width=\"1380\" src=\"http:\/\/flokfw.pl\/wp-content\/uploads\/2020\/06\/maszyny_04-scaled.jpg\"\/><\/figure><\/div><div class=\"tiled-gallery__col\"><figure class=\"tiled-gallery__item\"><img decoding=\"async\" srcset=\"http:\/\/flokfw.pl\/wp-content\/uploads\/2020\/06\/maszyny_07.jpg?strip=info&#038;w=600 600w,http:\/\/flokfw.pl\/wp-content\/uploads\/2020\/06\/maszyny_07.jpg?strip=info&#038;w=900 900w,http:\/\/flokfw.pl\/wp-content\/uploads\/2020\/06\/maszyny_07.jpg?strip=info&#038;w=1200 1200w,http:\/\/flokfw.pl\/wp-content\/uploads\/2020\/06\/maszyny_07.jpg?strip=info&#038;w=1500 1500w,http:\/\/flokfw.pl\/wp-content\/uploads\/2020\/06\/maszyny_07.jpg?strip=info&#038;w=1800 1800w,http:\/\/flokfw.pl\/wp-content\/uploads\/2020\/06\/maszyny_07.jpg?strip=info&#038;w=1920 1920w\" alt=\"\" data-height=\"1440\" data-id=\"973\" data-link=\"http:\/\/flokfw.pl\/uslugi-nietypowe-realizacje\/maszyny_07\/\" data-url=\"http:\/\/flokfw.pl\/wp-content\/uploads\/2020\/06\/maszyny_07.jpg\" data-width=\"1920\" src=\"http:\/\/flokfw.pl\/wp-content\/uploads\/2020\/06\/maszyny_07.jpg\"\/><\/figure><\/div><\/div><div class=\"tiled-gallery__row\"><div class=\"tiled-gallery__col\"><figure class=\"tiled-gallery__item\"><img decoding=\"async\" srcset=\"http:\/\/flokfw.pl\/wp-content\/uploads\/2020\/06\/maszyny_08.jpg?strip=info&#038;w=600 600w,http:\/\/flokfw.pl\/wp-content\/uploads\/2020\/06\/maszyny_08.jpg?strip=info&#038;w=900 900w,http:\/\/flokfw.pl\/wp-content\/uploads\/2020\/06\/maszyny_08.jpg?strip=info&#038;w=1200 1200w,http:\/\/flokfw.pl\/wp-content\/uploads\/2020\/06\/maszyny_08.jpg?strip=info&#038;w=1500 1500w,http:\/\/flokfw.pl\/wp-content\/uploads\/2020\/06\/maszyny_08.jpg?strip=info&#038;w=1800 1800w,http:\/\/flokfw.pl\/wp-content\/uploads\/2020\/06\/maszyny_08.jpg?strip=info&#038;w=1920 1920w\" alt=\"\" data-height=\"1440\" data-id=\"972\" data-link=\"http:\/\/flokfw.pl\/uslugi-nietypowe-realizacje\/maszyny_08\/\" data-url=\"http:\/\/flokfw.pl\/wp-content\/uploads\/2020\/06\/maszyny_08.jpg\" data-width=\"1920\" src=\"http:\/\/flokfw.pl\/wp-content\/uploads\/2020\/06\/maszyny_08.jpg\"\/><\/figure><\/div><div class=\"tiled-gallery__col\"><figure class=\"tiled-gallery__item\"><img decoding=\"async\" srcset=\"http:\/\/flokfw.pl\/wp-content\/uploads\/2020\/06\/tasm_01.jpg?strip=info&#038;w=600 600w,http:\/\/flokfw.pl\/wp-content\/uploads\/2020\/06\/tasm_01.jpg?strip=info&#038;w=637 637w\" alt=\"\" data-height=\"600\" data-id=\"887\" data-link=\"http:\/\/flokfw.pl\/flok\/tasm_01\/\" data-url=\"http:\/\/flokfw.pl\/wp-content\/uploads\/2020\/06\/tasm_01.jpg\" data-width=\"637\" src=\"http:\/\/flokfw.pl\/wp-content\/uploads\/2020\/06\/tasm_01.jpg\"\/><\/figure><figure class=\"tiled-gallery__item\"><img decoding=\"async\" srcset=\"http:\/\/flokfw.pl\/wp-content\/uploads\/2020\/06\/maszyny_01.jpg?strip=info&#038;w=600 600w,http:\/\/flokfw.pl\/wp-content\/uploads\/2020\/06\/maszyny_01.jpg?strip=info&#038;w=900 900w,http:\/\/flokfw.pl\/wp-content\/uploads\/2020\/06\/maszyny_01.jpg?strip=info&#038;w=1082 1082w\" alt=\"\" data-height=\"1080\" data-id=\"886\" data-link=\"http:\/\/flokfw.pl\/flok\/maszyny_01\/\" data-url=\"http:\/\/flokfw.pl\/wp-content\/uploads\/2020\/06\/maszyny_01.jpg\" data-width=\"1082\" src=\"http:\/\/flokfw.pl\/wp-content\/uploads\/2020\/06\/maszyny_01.jpg\"\/><\/figure><\/div><\/div><\/div><\/div>\n","protected":false},"excerpt":{"rendered":"<div class=\"entry-summary\">\nW sta\u0142ej ofercie oferujemy r\u0119czne maszyny flokuj\u0105ce (elektrostaty) &#8211; s\u0105 to urz\u0105dzenia konstruowane zgodnie z naszym autorskim projektem, ca\u0142o\u015bciowo wyprodukowane&hellip;\n<\/div>\n<div class=\"link-more\"><a href=\"https:\/\/www.flokfw.pl\/?page_id=698\" class=\"more-link\">Continue reading<span class=\"screen-reader-text\"> &ldquo;URZ\u0104DZENIA DO FLOKOWANIA&rdquo;<\/span>&hellip;<\/a><\/div>\n","protected":false},"author":1,"featured_media":1016,"parent":0,"menu_order":0,"comment_status":"closed","ping_status":"closed","template":"","meta":{"_acf_changed":false,"footnotes":""},"class_list":["post-698","page","type-page","status-publish","has-post-thumbnail","hentry","entry"],"acf":[],"jetpack_sharing_enabled":true,"_links":{"self":[{"href":"https:\/\/www.flokfw.pl\/index.php?rest_route=\/wp\/v2\/pages\/698","targetHints":{"allow":["GET"]}}],"collection":[{"href":"https:\/\/www.flokfw.pl\/index.php?rest_route=\/wp\/v2\/pages"}],"about":[{"href":"https:\/\/www.flokfw.pl\/index.php?rest_route=\/wp\/v2\/types\/page"}],"author":[{"embeddable":true,"href":"https:\/\/www.flokfw.pl\/index.php?rest_route=\/wp\/v2\/users\/1"}],"replies":[{"embeddable":true,"href":"https:\/\/www.flokfw.pl\/index.php?rest_route=%2Fwp%2Fv2%2Fcomments&post=698"}],"version-history":[{"count":7,"href":"https:\/\/www.flokfw.pl\/index.php?rest_route=\/wp\/v2\/pages\/698\/revisions"}],"predecessor-version":[{"id":1021,"href":"https:\/\/www.flokfw.pl\/index.php?rest_route=\/wp\/v2\/pages\/698\/revisions\/1021"}],"wp:featuredmedia":[{"embeddable":true,"href":"https:\/\/www.flokfw.pl\/index.php?rest_route=\/wp\/v2\/media\/1016"}],"wp:attachment":[{"href":"https:\/\/www.flokfw.pl\/index.php?rest_route=%2Fwp%2Fv2%2Fmedia&parent=698"}],"curies":[{"name":"wp","href":"https:\/\/api.w.org\/{rel}","templated":true}]}}