{"id":700,"date":"2020-06-08T15:20:55","date_gmt":"2020-06-08T13:20:55","guid":{"rendered":"http:\/\/flokfw.pl\/?page_id=700"},"modified":"2020-06-09T15:34:16","modified_gmt":"2020-06-09T13:34:16","slug":"kleje-poliuretanowe","status":"publish","type":"page","link":"https:\/\/www.flokfw.pl\/?page_id=700","title":{"rendered":"KLEJE POLIURETANOWE"},"content":{"rendered":"\n<p>Kleje poliuretanowe (PU), zwane inaczej rozpuszczalnikowymi, nadaj\u0105 si\u0119 do szeregu zastosowa\u0144 aplikacyjnych i dobrze sprawdzaj\u0105 si\u0119 z flokiem. Kleje te s\u0105 wodoodporne. W zale\u017cno\u015bci od g\u0119sto\u015bci takich klej\u00f3w, mo\u017cna nak\u0142ada\u0107 je r\u00f3\u017cnymi metodami. Oferowane przez nas kleje poliuretanowe s\u0105 klejami jedno oraz dwusk\u0142adnikowymi, kt\u00f3re polecamy do flokowania uszczelek gumowych, czy te\u017c optycznego tuningu desek rozdzielczych w samochodach oraz w wielu innych zastosowaniach gdzie wymagana jest jak najwi\u0119ksza odporno\u015b\u0107 flokowanej powierzchni na trudne warunki u\u017cytkowania. Kleje poliuretanowe posiadaj\u0105 bardzo szeroki zakres materia\u0142\u00f3w na kt\u00f3rych mog\u0105 by\u0107 stosowane.<\/p>\n\n\n\n<p>Do ka\u017cdego typu kleju poliuretanowego oferujemy pigmenty, dzi\u0119ki kt\u00f3rym mo\u017cemy podbi\u0107 g\u0142\u0119bi\u0119 koloru poflokowanej powierzchni.<\/p>\n","protected":false},"excerpt":{"rendered":"<div class=\"entry-summary\">\nKleje poliuretanowe (PU), zwane inaczej rozpuszczalnikowymi, nadaj\u0105 si\u0119 do szeregu zastosowa\u0144 aplikacyjnych i dobrze sprawdzaj\u0105 si\u0119 z flokiem. Kleje te&hellip;\n<\/div>\n<div class=\"link-more\"><a href=\"https:\/\/www.flokfw.pl\/?page_id=700\" class=\"more-link\">Continue reading<span class=\"screen-reader-text\"> &ldquo;KLEJE POLIURETANOWE&rdquo;<\/span>&hellip;<\/a><\/div>\n","protected":false},"author":1,"featured_media":665,"parent":0,"menu_order":0,"comment_status":"closed","ping_status":"closed","template":"","meta":{"_acf_changed":false,"footnotes":""},"class_list":["post-700","page","type-page","status-publish","has-post-thumbnail","hentry","entry"],"acf":[],"jetpack_sharing_enabled":true,"_links":{"self":[{"href":"https:\/\/www.flokfw.pl\/index.php?rest_route=\/wp\/v2\/pages\/700","targetHints":{"allow":["GET"]}}],"collection":[{"href":"https:\/\/www.flokfw.pl\/index.php?rest_route=\/wp\/v2\/pages"}],"about":[{"href":"https:\/\/www.flokfw.pl\/index.php?rest_route=\/wp\/v2\/types\/page"}],"author":[{"embeddable":true,"href":"https:\/\/www.flokfw.pl\/index.php?rest_route=\/wp\/v2\/users\/1"}],"replies":[{"embeddable":true,"href":"https:\/\/www.flokfw.pl\/index.php?rest_route=%2Fwp%2Fv2%2Fcomments&post=700"}],"version-history":[{"count":3,"href":"https:\/\/www.flokfw.pl\/index.php?rest_route=\/wp\/v2\/pages\/700\/revisions"}],"predecessor-version":[{"id":815,"href":"https:\/\/www.flokfw.pl\/index.php?rest_route=\/wp\/v2\/pages\/700\/revisions\/815"}],"wp:featuredmedia":[{"embeddable":true,"href":"https:\/\/www.flokfw.pl\/index.php?rest_route=\/wp\/v2\/media\/665"}],"wp:attachment":[{"href":"https:\/\/www.flokfw.pl\/index.php?rest_route=%2Fwp%2Fv2%2Fmedia&parent=700"}],"curies":[{"name":"wp","href":"https:\/\/api.w.org\/{rel}","templated":true}]}}