{"id":702,"date":"2020-06-08T15:21:24","date_gmt":"2020-06-08T13:21:24","guid":{"rendered":"http:\/\/flokfw.pl\/?page_id=702"},"modified":"2020-06-09T15:32:24","modified_gmt":"2020-06-09T13:32:24","slug":"kleje-dyspersyjne","status":"publish","type":"page","link":"https:\/\/www.flokfw.pl\/?page_id=702","title":{"rendered":"KLEJE DYSPERSYJNE"},"content":{"rendered":"\n<p>Kleje wodorozpuszczalne, zwane tak\u017ce klejami dyspersyjnymi lub po prostu wodnymi, mog\u0105 by\u0107 akrylowe lub winylowe. <br>Kleje akrylowe nadaj\u0105 si\u0119 do flokowania pianki poliuretanowej, papieru i innych tworzyw, zar\u00f3wno mi\u0119kkich i twardych. Wraz z zastosowaniem utwardzacza, tworz\u0105 wodoodporn\u0105 spoin\u0119, kt\u00f3rej twardo\u015b\u0107 mo\u017cna regulowa\u0107. <br>Kleje wodne winylowe mo\u017cna r\u00f3wnie\u017c stosowa\u0107 na tworzywa sztuczne, papier, a tak\u017ce foli\u0119. Kleje winylowe, w przeciwie\u0144stwie do akrylowych nie s\u0105 wodoodporne.\u00a0<br><br>Do ka\u017cdego typu kleju wodorozpuszczalnego oferujemy pigmenty, dzi\u0119ki kt\u00f3rym mo\u017cemy podbi\u0107 g\u0142\u0119bi\u0119 koloru poflokowanej powierzchni.<\/p>\n\n\n\n<p><\/p>\n","protected":false},"excerpt":{"rendered":"<div class=\"entry-summary\">\nKleje wodorozpuszczalne, zwane tak\u017ce klejami dyspersyjnymi lub po prostu wodnymi, mog\u0105 by\u0107 akrylowe lub winylowe. Kleje akrylowe nadaj\u0105 si\u0119 do&hellip;\n<\/div>\n<div class=\"link-more\"><a href=\"https:\/\/www.flokfw.pl\/?page_id=702\" class=\"more-link\">Continue reading<span class=\"screen-reader-text\"> &ldquo;KLEJE DYSPERSYJNE&rdquo;<\/span>&hellip;<\/a><\/div>\n","protected":false},"author":1,"featured_media":666,"parent":0,"menu_order":0,"comment_status":"closed","ping_status":"closed","template":"","meta":{"_acf_changed":false,"footnotes":""},"class_list":["post-702","page","type-page","status-publish","has-post-thumbnail","hentry","entry"],"acf":[],"jetpack_sharing_enabled":true,"_links":{"self":[{"href":"https:\/\/www.flokfw.pl\/index.php?rest_route=\/wp\/v2\/pages\/702","targetHints":{"allow":["GET"]}}],"collection":[{"href":"https:\/\/www.flokfw.pl\/index.php?rest_route=\/wp\/v2\/pages"}],"about":[{"href":"https:\/\/www.flokfw.pl\/index.php?rest_route=\/wp\/v2\/types\/page"}],"author":[{"embeddable":true,"href":"https:\/\/www.flokfw.pl\/index.php?rest_route=\/wp\/v2\/users\/1"}],"replies":[{"embeddable":true,"href":"https:\/\/www.flokfw.pl\/index.php?rest_route=%2Fwp%2Fv2%2Fcomments&post=702"}],"version-history":[{"count":4,"href":"https:\/\/www.flokfw.pl\/index.php?rest_route=\/wp\/v2\/pages\/702\/revisions"}],"predecessor-version":[{"id":813,"href":"https:\/\/www.flokfw.pl\/index.php?rest_route=\/wp\/v2\/pages\/702\/revisions\/813"}],"wp:featuredmedia":[{"embeddable":true,"href":"https:\/\/www.flokfw.pl\/index.php?rest_route=\/wp\/v2\/media\/666"}],"wp:attachment":[{"href":"https:\/\/www.flokfw.pl\/index.php?rest_route=%2Fwp%2Fv2%2Fmedia&parent=702"}],"curies":[{"name":"wp","href":"https:\/\/api.w.org\/{rel}","templated":true}]}}