{"id":715,"date":"2020-06-08T16:05:43","date_gmt":"2020-06-08T14:05:43","guid":{"rendered":"http:\/\/flokfw.pl\/?page_id=715"},"modified":"2020-06-16T20:22:48","modified_gmt":"2020-06-16T18:22:48","slug":"uslugi","status":"publish","type":"page","link":"https:\/\/www.flokfw.pl\/?page_id=715","title":{"rendered":"OFERTA"},"content":{"rendered":"\n<p>Z biegiem lat dzia\u0142alno\u015bci naszej firmy sukcesywnie powi\u0119kszamy zakres naszej oferty. <br><br>Na chwil\u0119 obecn\u0105 oferujemy Pa\u0144stwu:<\/p>\n\n\n\n<ul class=\"wp-block-list\"><li><a href=\"..\/?page_id=687\">Flok bawe\u0142niany<\/a><\/li><li><a href=\"..\/?page_id=694\">Flok poliamidowy<\/a><\/li><li><a href=\"https:\/\/flokfw.pl\/?page_id=681\">Flok wiskozowy<\/a><\/li><li><a href=\"https:\/\/flokfw.pl\/?page_id=766\">Flokowany papier<\/a><\/li><li><a href=\"https:\/\/flokfw.pl\/?page_id=674\">Us\u0142ugi flokowania materia\u0142\u00f3w dostarczonych przez klienta<\/a><\/li><li><a href=\"https:\/\/flokfw.pl\/?page_id=730\">Mo\u017cliwo\u015b\u0107 zam\u00f3wienia p\u00f3\u0142produkt\u00f3w wykonanych z g\u0105bki\/pianki wed\u0142ug specyfikacji klienta oraz ich flokowania<\/a><\/li><li><a href=\"https:\/\/flokfw.pl\/?page_id=732\">Mo\u017cliwo\u015b\u0107 wydruku niewielkich element\u00f3w z tworzywa za pomoc\u0105 drukarki 3D oraz ich flokowania<\/a><\/li><li><a href=\"https:\/\/flokfw.pl\/?page_id=734\">Realizujemy te\u017c nietypowe zlecenia flokowania jednostkowych element\u00f3w dostarczonych przez klienta<\/a><\/li><li><a href=\"https:\/\/flokfw.pl\/?page_id=719\">Oferujemy tak\u017ce szkolenia z zakresu technik flokowania i obs\u0142ugi urz\u0105dze\u0144 flokuj\u0105cych<\/a><\/li><\/ul>\n\n\n\n<p><\/p>\n","protected":false},"excerpt":{"rendered":"<div class=\"entry-summary\">\nZ biegiem lat dzia\u0142alno\u015bci naszej firmy sukcesywnie powi\u0119kszamy zakres naszej oferty. Na chwil\u0119 obecn\u0105 oferujemy Pa\u0144stwu: Flok bawe\u0142niany Flok poliamidowy&hellip;\n<\/div>\n<div class=\"link-more\"><a href=\"https:\/\/www.flokfw.pl\/?page_id=715\" class=\"more-link\">Continue reading<span class=\"screen-reader-text\"> &ldquo;OFERTA&rdquo;<\/span>&hellip;<\/a><\/div>\n","protected":false},"author":1,"featured_media":1054,"parent":0,"menu_order":0,"comment_status":"closed","ping_status":"closed","template":"","meta":{"_acf_changed":false,"footnotes":""},"class_list":["post-715","page","type-page","status-publish","has-post-thumbnail","hentry","entry"],"acf":[],"jetpack_sharing_enabled":true,"_links":{"self":[{"href":"https:\/\/www.flokfw.pl\/index.php?rest_route=\/wp\/v2\/pages\/715","targetHints":{"allow":["GET"]}}],"collection":[{"href":"https:\/\/www.flokfw.pl\/index.php?rest_route=\/wp\/v2\/pages"}],"about":[{"href":"https:\/\/www.flokfw.pl\/index.php?rest_route=\/wp\/v2\/types\/page"}],"author":[{"embeddable":true,"href":"https:\/\/www.flokfw.pl\/index.php?rest_route=\/wp\/v2\/users\/1"}],"replies":[{"embeddable":true,"href":"https:\/\/www.flokfw.pl\/index.php?rest_route=%2Fwp%2Fv2%2Fcomments&post=715"}],"version-history":[{"count":8,"href":"https:\/\/www.flokfw.pl\/index.php?rest_route=\/wp\/v2\/pages\/715\/revisions"}],"predecessor-version":[{"id":1074,"href":"https:\/\/www.flokfw.pl\/index.php?rest_route=\/wp\/v2\/pages\/715\/revisions\/1074"}],"wp:featuredmedia":[{"embeddable":true,"href":"https:\/\/www.flokfw.pl\/index.php?rest_route=\/wp\/v2\/media\/1054"}],"wp:attachment":[{"href":"https:\/\/www.flokfw.pl\/index.php?rest_route=%2Fwp%2Fv2%2Fmedia&parent=715"}],"curies":[{"name":"wp","href":"https:\/\/api.w.org\/{rel}","templated":true}]}}