{"id":719,"date":"2020-06-08T16:07:20","date_gmt":"2020-06-08T14:07:20","guid":{"rendered":"http:\/\/flokfw.pl\/?page_id=719"},"modified":"2020-06-10T19:43:25","modified_gmt":"2020-06-10T17:43:25","slug":"uslugi-szkolenia","status":"publish","type":"page","link":"https:\/\/www.flokfw.pl\/?page_id=719","title":{"rendered":"SZKOLENIA"},"content":{"rendered":"\n<p>Je\u015bli dopiero zaczynaj\u0105 Pa\u0144stwo przygod\u0119 z flokowaniem, zapewnimy Pa\u0144stwu szkolenie, kt\u00f3re gruntownie przygotuje Pa\u0144stwa do uruchomienia w\u0142asnej produkcji. W przypadku zakupienia w naszej firmie urz\u0105dzenia oraz materia\u0142\u00f3w potrzebnych do rozpocz\u0119cia produkcji, szkolenie oferujemy za darmo.<\/p>\n","protected":false},"excerpt":{"rendered":"<div class=\"entry-summary\">\nJe\u015bli dopiero zaczynaj\u0105 Pa\u0144stwo przygod\u0119 z flokowaniem, zapewnimy Pa\u0144stwu szkolenie, kt\u00f3re gruntownie przygotuje Pa\u0144stwa do uruchomienia w\u0142asnej produkcji. W przypadku&hellip;\n<\/div>\n<div class=\"link-more\"><a href=\"https:\/\/www.flokfw.pl\/?page_id=719\" class=\"more-link\">Continue reading<span class=\"screen-reader-text\"> &ldquo;SZKOLENIA&rdquo;<\/span>&hellip;<\/a><\/div>\n","protected":false},"author":1,"featured_media":886,"parent":0,"menu_order":0,"comment_status":"closed","ping_status":"closed","template":"","meta":{"_acf_changed":false,"footnotes":""},"class_list":["post-719","page","type-page","status-publish","has-post-thumbnail","hentry","entry"],"acf":[],"jetpack_sharing_enabled":true,"_links":{"self":[{"href":"https:\/\/www.flokfw.pl\/index.php?rest_route=\/wp\/v2\/pages\/719","targetHints":{"allow":["GET"]}}],"collection":[{"href":"https:\/\/www.flokfw.pl\/index.php?rest_route=\/wp\/v2\/pages"}],"about":[{"href":"https:\/\/www.flokfw.pl\/index.php?rest_route=\/wp\/v2\/types\/page"}],"author":[{"embeddable":true,"href":"https:\/\/www.flokfw.pl\/index.php?rest_route=\/wp\/v2\/users\/1"}],"replies":[{"embeddable":true,"href":"https:\/\/www.flokfw.pl\/index.php?rest_route=%2Fwp%2Fv2%2Fcomments&post=719"}],"version-history":[{"count":4,"href":"https:\/\/www.flokfw.pl\/index.php?rest_route=\/wp\/v2\/pages\/719\/revisions"}],"predecessor-version":[{"id":996,"href":"https:\/\/www.flokfw.pl\/index.php?rest_route=\/wp\/v2\/pages\/719\/revisions\/996"}],"wp:featuredmedia":[{"embeddable":true,"href":"https:\/\/www.flokfw.pl\/index.php?rest_route=\/wp\/v2\/media\/886"}],"wp:attachment":[{"href":"https:\/\/www.flokfw.pl\/index.php?rest_route=%2Fwp%2Fv2%2Fmedia&parent=719"}],"curies":[{"name":"wp","href":"https:\/\/api.w.org\/{rel}","templated":true}]}}