{"id":721,"date":"2020-06-08T16:48:01","date_gmt":"2020-06-08T14:48:01","guid":{"rendered":"http:\/\/flokfw.pl\/?page_id=721"},"modified":"2020-06-10T19:35:43","modified_gmt":"2020-06-10T17:35:43","slug":"produkcja-floku","status":"publish","type":"page","link":"https:\/\/www.flokfw.pl\/?page_id=721","title":{"rendered":"PRODUKCJA FLOKU"},"content":{"rendered":"\n<p>W naszym zak\u0142adzie zajmujemy si\u0119 produkcj\u0105 floku wiskozowego. Posiadamy gotowy stok, ale oferujemy r\u00f3wnie\u017c mo\u017cliwo\u015b\u0107 zam\u00f3wienia specjalnego koloru na podstawie pr\u00f3bnika przes\u0142anego przez klienta.<\/p>\n","protected":false},"excerpt":{"rendered":"<div class=\"entry-summary\">\nW naszym zak\u0142adzie zajmujemy si\u0119 produkcj\u0105 floku wiskozowego. Posiadamy gotowy stok, ale oferujemy r\u00f3wnie\u017c mo\u017cliwo\u015b\u0107 zam\u00f3wienia specjalnego koloru na podstawie&hellip;\n<\/div>\n<div class=\"link-more\"><a href=\"https:\/\/www.flokfw.pl\/?page_id=721\" class=\"more-link\">Continue reading<span class=\"screen-reader-text\"> &ldquo;PRODUKCJA FLOKU&rdquo;<\/span>&hellip;<\/a><\/div>\n","protected":false},"author":1,"featured_media":984,"parent":0,"menu_order":0,"comment_status":"closed","ping_status":"closed","template":"","meta":{"_acf_changed":false,"footnotes":""},"class_list":["post-721","page","type-page","status-publish","has-post-thumbnail","hentry","entry"],"acf":[],"jetpack_sharing_enabled":true,"_links":{"self":[{"href":"https:\/\/www.flokfw.pl\/index.php?rest_route=\/wp\/v2\/pages\/721","targetHints":{"allow":["GET"]}}],"collection":[{"href":"https:\/\/www.flokfw.pl\/index.php?rest_route=\/wp\/v2\/pages"}],"about":[{"href":"https:\/\/www.flokfw.pl\/index.php?rest_route=\/wp\/v2\/types\/page"}],"author":[{"embeddable":true,"href":"https:\/\/www.flokfw.pl\/index.php?rest_route=\/wp\/v2\/users\/1"}],"replies":[{"embeddable":true,"href":"https:\/\/www.flokfw.pl\/index.php?rest_route=%2Fwp%2Fv2%2Fcomments&post=721"}],"version-history":[{"count":4,"href":"https:\/\/www.flokfw.pl\/index.php?rest_route=\/wp\/v2\/pages\/721\/revisions"}],"predecessor-version":[{"id":991,"href":"https:\/\/www.flokfw.pl\/index.php?rest_route=\/wp\/v2\/pages\/721\/revisions\/991"}],"wp:featuredmedia":[{"embeddable":true,"href":"https:\/\/www.flokfw.pl\/index.php?rest_route=\/wp\/v2\/media\/984"}],"wp:attachment":[{"href":"https:\/\/www.flokfw.pl\/index.php?rest_route=%2Fwp%2Fv2%2Fmedia&parent=721"}],"curies":[{"name":"wp","href":"https:\/\/api.w.org\/{rel}","templated":true}]}}