{"id":732,"date":"2020-06-08T16:59:00","date_gmt":"2020-06-08T14:59:00","guid":{"rendered":"http:\/\/flokfw.pl\/?page_id=732"},"modified":"2020-06-08T19:04:44","modified_gmt":"2020-06-08T17:04:44","slug":"uslugi-druk-3d","status":"publish","type":"page","link":"https:\/\/www.flokfw.pl\/?page_id=732","title":{"rendered":"DRUK 3D"},"content":{"rendered":"\n<p>Posiadamy mo\u017cliwo\u015b\u0107 wydruku 3D niewielkich element\u00f3w z tworzywa wed\u0142ug dostarczonego projektu klienta a nast\u0119pnie ich poflokowania.<\/p>\n\n\n\n<div class=\"wp-block-media-text alignwide is-stacked-on-mobile\"><figure class=\"wp-block-media-text__media\"><img loading=\"lazy\" decoding=\"async\" width=\"1080\" height=\"1920\" src=\"http:\/\/flokfw.pl\/wp-content\/uploads\/2020\/06\/tlo_12.jpg\" alt=\"\" class=\"wp-image-560\" srcset=\"https:\/\/www.flokfw.pl\/wp-content\/uploads\/2020\/06\/tlo_12.jpg 1080w, https:\/\/www.flokfw.pl\/wp-content\/uploads\/2020\/06\/tlo_12-744x1323.jpg 744w, https:\/\/www.flokfw.pl\/wp-content\/uploads\/2020\/06\/tlo_12-420x747.jpg 420w, https:\/\/www.flokfw.pl\/wp-content\/uploads\/2020\/06\/tlo_12-768x1365.jpg 768w, https:\/\/www.flokfw.pl\/wp-content\/uploads\/2020\/06\/tlo_12-864x1536.jpg 864w\" sizes=\"auto, (max-width: 1080px) 100vw, 1080px\" \/><\/figure><div class=\"wp-block-media-text__content\">\n<p class=\"has-normal-font-size\">Przyk\u0142adowa realizacja projektu 3D dostarczonego przez klienta<\/p>\n<\/div><\/div>\n","protected":false},"excerpt":{"rendered":"<div class=\"entry-summary\">\nPosiadamy mo\u017cliwo\u015b\u0107 wydruku 3D niewielkich element\u00f3w z tworzywa wed\u0142ug dostarczonego projektu klienta a nast\u0119pnie ich poflokowania. Przyk\u0142adowa realizacja projektu 3D&hellip;\n<\/div>\n<div class=\"link-more\"><a href=\"https:\/\/www.flokfw.pl\/?page_id=732\" class=\"more-link\">Continue reading<span class=\"screen-reader-text\"> &ldquo;DRUK 3D&rdquo;<\/span>&hellip;<\/a><\/div>\n","protected":false},"author":1,"featured_media":0,"parent":0,"menu_order":0,"comment_status":"closed","ping_status":"closed","template":"","meta":{"_acf_changed":false,"footnotes":""},"class_list":["post-732","page","type-page","status-publish","hentry","entry"],"acf":[],"jetpack_sharing_enabled":true,"_links":{"self":[{"href":"https:\/\/www.flokfw.pl\/index.php?rest_route=\/wp\/v2\/pages\/732","targetHints":{"allow":["GET"]}}],"collection":[{"href":"https:\/\/www.flokfw.pl\/index.php?rest_route=\/wp\/v2\/pages"}],"about":[{"href":"https:\/\/www.flokfw.pl\/index.php?rest_route=\/wp\/v2\/types\/page"}],"author":[{"embeddable":true,"href":"https:\/\/www.flokfw.pl\/index.php?rest_route=\/wp\/v2\/users\/1"}],"replies":[{"embeddable":true,"href":"https:\/\/www.flokfw.pl\/index.php?rest_route=%2Fwp%2Fv2%2Fcomments&post=732"}],"version-history":[{"count":3,"href":"https:\/\/www.flokfw.pl\/index.php?rest_route=\/wp\/v2\/pages\/732\/revisions"}],"predecessor-version":[{"id":772,"href":"https:\/\/www.flokfw.pl\/index.php?rest_route=\/wp\/v2\/pages\/732\/revisions\/772"}],"wp:attachment":[{"href":"https:\/\/www.flokfw.pl\/index.php?rest_route=%2Fwp%2Fv2%2Fmedia&parent=732"}],"curies":[{"name":"wp","href":"https:\/\/api.w.org\/{rel}","templated":true}]}}