{"id":734,"date":"2020-06-07T18:00:39","date_gmt":"2020-06-07T16:00:39","guid":{"rendered":"http:\/\/flokfw.pl\/?page_id=734"},"modified":"2020-06-22T17:02:09","modified_gmt":"2020-06-22T15:02:09","slug":"uslugi-nietypowe-realizacje","status":"publish","type":"page","link":"https:\/\/www.flokfw.pl\/?page_id=734","title":{"rendered":"NIETYPOWE REALIZACJE"},"content":{"rendered":"\n<p>Realizujemy r\u00f3\u017cne, czasem bardzo nietypowe projekty flokowania obiekt\u00f3w dostarczonych przez klienta. <br>Najcz\u0119\u015bciej s\u0105 to r\u00f3\u017cnego rodzaju dzie\u0142a artystyczne, kt\u00f3re dzi\u0119ki pokryciu flokiem osi\u0105gaj\u0105 ca\u0142kowicie nowe oblicze. Obiekty takie po pokryciu flokiem mog\u0105 by\u0107 nast\u0119pnie poddane tradycyjnym formom dalszej obr\u00f3bki artystycznej z pomoc\u0105 na przyk\u0142ad farb lub innych metod.<\/p>\n\n\n\n<div class=\"wp-block-jetpack-tiled-gallery aligncenter is-style-rectangular\"><div class=\"tiled-gallery__gallery\"><div class=\"tiled-gallery__row\"><div class=\"tiled-gallery__col\"><figure class=\"tiled-gallery__item\"><img decoding=\"async\" srcset=\"http:\/\/flokfw.pl\/wp-content\/uploads\/2020\/06\/flok_pies_02.jpg?strip=info&#038;w=600 600w,http:\/\/flokfw.pl\/wp-content\/uploads\/2020\/06\/flok_pies_02.jpg?strip=info&#038;w=900 900w,http:\/\/flokfw.pl\/wp-content\/uploads\/2020\/06\/flok_pies_02.jpg?strip=info&#038;w=1200 1200w,http:\/\/flokfw.pl\/wp-content\/uploads\/2020\/06\/flok_pies_02.jpg?strip=info&#038;w=1272 1272w\" alt=\"\" data-height=\"1920\" data-id=\"979\" data-link=\"http:\/\/flokfw.pl\/uslugi-nietypowe-realizacje\/flok_pies_02\/\" data-url=\"http:\/\/flokfw.pl\/wp-content\/uploads\/2020\/06\/flok_pies_02.jpg\" data-width=\"1272\" src=\"http:\/\/flokfw.pl\/wp-content\/uploads\/2020\/06\/flok_pies_02.jpg\"\/><\/figure><\/div><div class=\"tiled-gallery__col\"><figure class=\"tiled-gallery__item\"><img decoding=\"async\" srcset=\"http:\/\/flokfw.pl\/wp-content\/uploads\/2020\/06\/flok_pies_01.jpg?strip=info&#038;w=600 600w,http:\/\/flokfw.pl\/wp-content\/uploads\/2020\/06\/flok_pies_01.jpg?strip=info&#038;w=900 900w,http:\/\/flokfw.pl\/wp-content\/uploads\/2020\/06\/flok_pies_01.jpg?strip=info&#038;w=1200 1200w,http:\/\/flokfw.pl\/wp-content\/uploads\/2020\/06\/flok_pies_01.jpg?strip=info&#038;w=1272 1272w\" alt=\"\" data-height=\"1920\" data-id=\"980\" data-link=\"http:\/\/flokfw.pl\/uslugi-nietypowe-realizacje\/flok_pies_01\/\" data-url=\"http:\/\/flokfw.pl\/wp-content\/uploads\/2020\/06\/flok_pies_01.jpg\" data-width=\"1272\" src=\"http:\/\/flokfw.pl\/wp-content\/uploads\/2020\/06\/flok_pies_01.jpg\"\/><\/figure><\/div><div class=\"tiled-gallery__col\"><figure class=\"tiled-gallery__item\"><img decoding=\"async\" srcset=\"http:\/\/flokfw.pl\/wp-content\/uploads\/2020\/06\/flok_pies_04.jpg?strip=info&#038;w=600 600w,http:\/\/flokfw.pl\/wp-content\/uploads\/2020\/06\/flok_pies_04.jpg?strip=info&#038;w=900 900w,http:\/\/flokfw.pl\/wp-content\/uploads\/2020\/06\/flok_pies_04.jpg?strip=info&#038;w=1080 1080w\" alt=\"\" data-height=\"1920\" data-id=\"977\" data-link=\"http:\/\/flokfw.pl\/uslugi-nietypowe-realizacje\/flok_pies_04\/\" data-url=\"http:\/\/flokfw.pl\/wp-content\/uploads\/2020\/06\/flok_pies_04.jpg\" data-width=\"1080\" src=\"http:\/\/flokfw.pl\/wp-content\/uploads\/2020\/06\/flok_pies_04.jpg\"\/><\/figure><\/div><div class=\"tiled-gallery__col\"><figure class=\"tiled-gallery__item\"><img decoding=\"async\" srcset=\"http:\/\/flokfw.pl\/wp-content\/uploads\/2020\/06\/flok_pies_03.jpg?strip=info&#038;w=600 600w,http:\/\/flokfw.pl\/wp-content\/uploads\/2020\/06\/flok_pies_03.jpg?strip=info&#038;w=900 900w,http:\/\/flokfw.pl\/wp-content\/uploads\/2020\/06\/flok_pies_03.jpg?strip=info&#038;w=1080 1080w\" alt=\"\" data-height=\"1920\" data-id=\"978\" data-link=\"http:\/\/flokfw.pl\/uslugi-nietypowe-realizacje\/flok_pies_03\/\" data-url=\"http:\/\/flokfw.pl\/wp-content\/uploads\/2020\/06\/flok_pies_03.jpg\" data-width=\"1080\" src=\"http:\/\/flokfw.pl\/wp-content\/uploads\/2020\/06\/flok_pies_03.jpg\"\/><\/figure><\/div><\/div><div class=\"tiled-gallery__row\"><div class=\"tiled-gallery__col\"><figure class=\"tiled-gallery__item\"><img decoding=\"async\" srcset=\"http:\/\/flokfw.pl\/wp-content\/uploads\/2020\/06\/flok_pies_05.jpg?strip=info&#038;w=600 600w,http:\/\/flokfw.pl\/wp-content\/uploads\/2020\/06\/flok_pies_05.jpg?strip=info&#038;w=900 900w,http:\/\/flokfw.pl\/wp-content\/uploads\/2020\/06\/flok_pies_05.jpg?strip=info&#038;w=1080 1080w\" alt=\"\" data-height=\"1920\" data-id=\"976\" data-link=\"http:\/\/flokfw.pl\/uslugi-nietypowe-realizacje\/flok_pies_05\/\" data-url=\"http:\/\/flokfw.pl\/wp-content\/uploads\/2020\/06\/flok_pies_05.jpg\" data-width=\"1080\" src=\"http:\/\/flokfw.pl\/wp-content\/uploads\/2020\/06\/flok_pies_05.jpg\"\/><\/figure><\/div><div class=\"tiled-gallery__col\"><figure class=\"tiled-gallery__item\"><img decoding=\"async\" srcset=\"http:\/\/flokfw.pl\/wp-content\/uploads\/2020\/06\/flok_pies_06.jpg?strip=info&#038;w=600 600w,http:\/\/flokfw.pl\/wp-content\/uploads\/2020\/06\/flok_pies_06.jpg?strip=info&#038;w=900 900w,http:\/\/flokfw.pl\/wp-content\/uploads\/2020\/06\/flok_pies_06.jpg?strip=info&#038;w=1200 1200w,http:\/\/flokfw.pl\/wp-content\/uploads\/2020\/06\/flok_pies_06.jpg?strip=info&#038;w=1301 1301w\" alt=\"\" data-height=\"835\" data-id=\"888\" data-link=\"http:\/\/flokfw.pl\/flok\/flok_pies_06\/\" data-url=\"http:\/\/flokfw.pl\/wp-content\/uploads\/2020\/06\/flok_pies_06.jpg\" data-width=\"1301\" src=\"http:\/\/flokfw.pl\/wp-content\/uploads\/2020\/06\/flok_pies_06.jpg\"\/><\/figure><\/div><div class=\"tiled-gallery__col\"><figure class=\"tiled-gallery__item\"><img decoding=\"async\" srcset=\"http:\/\/flokfw.pl\/wp-content\/uploads\/2020\/06\/flok_pies_08.jpg?strip=info&#038;w=600 600w,http:\/\/flokfw.pl\/wp-content\/uploads\/2020\/06\/flok_pies_08.jpg?strip=info&#038;w=900 900w,http:\/\/flokfw.pl\/wp-content\/uploads\/2020\/06\/flok_pies_08.jpg?strip=info&#038;w=1080 1080w\" alt=\"\" data-height=\"1920\" data-id=\"971\" data-link=\"http:\/\/flokfw.pl\/uslugi-nietypowe-realizacje\/flok_pies_08\/\" data-url=\"http:\/\/flokfw.pl\/wp-content\/uploads\/2020\/06\/flok_pies_08.jpg\" data-width=\"1080\" src=\"http:\/\/flokfw.pl\/wp-content\/uploads\/2020\/06\/flok_pies_08.jpg\"\/><\/figure><\/div><\/div><div class=\"tiled-gallery__row\"><div class=\"tiled-gallery__col\"><figure class=\"tiled-gallery__item\"><img decoding=\"async\" srcset=\"http:\/\/flokfw.pl\/wp-content\/uploads\/2020\/06\/flok_slon_01-1.jpg?strip=info&#038;w=600 600w,http:\/\/flokfw.pl\/wp-content\/uploads\/2020\/06\/flok_slon_01-1.jpg?strip=info&#038;w=732 732w\" alt=\"\" data-height=\"1500\" data-id=\"965\" data-link=\"http:\/\/flokfw.pl\/uslugi-nietypowe-realizacje\/flok_slon_01-2\/\" data-url=\"http:\/\/flokfw.pl\/wp-content\/uploads\/2020\/06\/flok_slon_01-1.jpg\" data-width=\"732\" src=\"http:\/\/flokfw.pl\/wp-content\/uploads\/2020\/06\/flok_slon_01-1.jpg\"\/><\/figure><\/div><div class=\"tiled-gallery__col\"><figure class=\"tiled-gallery__item\"><img decoding=\"async\" srcset=\"http:\/\/flokfw.pl\/wp-content\/uploads\/2020\/06\/flok_croco_01-1.jpg?strip=info&#038;w=600 600w,http:\/\/flokfw.pl\/wp-content\/uploads\/2020\/06\/flok_croco_01-1.jpg?strip=info&#038;w=900 900w,http:\/\/flokfw.pl\/wp-content\/uploads\/2020\/06\/flok_croco_01-1.jpg?strip=info&#038;w=905 905w\" alt=\"\" data-height=\"499\" data-id=\"966\" data-link=\"http:\/\/flokfw.pl\/uslugi-nietypowe-realizacje\/flok_croco_01-2\/\" data-url=\"http:\/\/flokfw.pl\/wp-content\/uploads\/2020\/06\/flok_croco_01-1.jpg\" data-width=\"905\" src=\"http:\/\/flokfw.pl\/wp-content\/uploads\/2020\/06\/flok_croco_01-1.jpg\"\/><\/figure><figure class=\"tiled-gallery__item\"><img decoding=\"async\" srcset=\"http:\/\/flokfw.pl\/wp-content\/uploads\/2020\/06\/flok_hippo_01-1.jpg?strip=info&#038;w=600 600w,http:\/\/flokfw.pl\/wp-content\/uploads\/2020\/06\/flok_hippo_01-1.jpg?strip=info&#038;w=900 900w,http:\/\/flokfw.pl\/wp-content\/uploads\/2020\/06\/flok_hippo_01-1.jpg?strip=info&#038;w=922 922w\" alt=\"\" data-height=\"730\" data-id=\"962\" data-link=\"http:\/\/flokfw.pl\/uslugi-nietypowe-realizacje\/flok_hippo_01-2\/\" data-url=\"http:\/\/flokfw.pl\/wp-content\/uploads\/2020\/06\/flok_hippo_01-1.jpg\" data-width=\"922\" src=\"http:\/\/flokfw.pl\/wp-content\/uploads\/2020\/06\/flok_hippo_01-1.jpg\"\/><\/figure><\/div><div class=\"tiled-gallery__col\"><figure class=\"tiled-gallery__item\"><img decoding=\"async\" srcset=\"http:\/\/flokfw.pl\/wp-content\/uploads\/2020\/06\/flok_koty_01-scaled.jpg?strip=info&#038;w=600 600w,http:\/\/flokfw.pl\/wp-content\/uploads\/2020\/06\/flok_koty_01-scaled.jpg?strip=info&#038;w=900 900w,http:\/\/flokfw.pl\/wp-content\/uploads\/2020\/06\/flok_koty_01-scaled.jpg?strip=info&#038;w=1200 1200w,http:\/\/flokfw.pl\/wp-content\/uploads\/2020\/06\/flok_koty_01-scaled.jpg?strip=info&#038;w=1440 1440w\" alt=\"\" data-height=\"2560\" data-id=\"983\" data-link=\"http:\/\/flokfw.pl\/uslugi-nietypowe-realizacje\/flok_koty_01\/\" data-url=\"http:\/\/flokfw.pl\/wp-content\/uploads\/2020\/06\/flok_koty_01-scaled.jpg\" data-width=\"1440\" src=\"http:\/\/flokfw.pl\/wp-content\/uploads\/2020\/06\/flok_koty_01-scaled.jpg\"\/><\/figure><\/div><\/div><div class=\"tiled-gallery__row\"><div class=\"tiled-gallery__col\"><figure class=\"tiled-gallery__item\"><img decoding=\"async\" srcset=\"http:\/\/flokfw.pl\/wp-content\/uploads\/2020\/06\/flok_kon_02.jpg?strip=info&#038;w=600 600w,http:\/\/flokfw.pl\/wp-content\/uploads\/2020\/06\/flok_kon_02.jpg?strip=info&#038;w=900 900w,http:\/\/flokfw.pl\/wp-content\/uploads\/2020\/06\/flok_kon_02.jpg?strip=info&#038;w=1200 1200w,http:\/\/flokfw.pl\/wp-content\/uploads\/2020\/06\/flok_kon_02.jpg?strip=info&#038;w=1500 1500w,http:\/\/flokfw.pl\/wp-content\/uploads\/2020\/06\/flok_kon_02.jpg?strip=info&#038;w=1800 1800w,http:\/\/flokfw.pl\/wp-content\/uploads\/2020\/06\/flok_kon_02.jpg?strip=info&#038;w=1920 1920w\" alt=\"\" data-height=\"1080\" data-id=\"851\" data-link=\"http:\/\/flokfw.pl\/flok_kon_02\/\" data-url=\"http:\/\/flokfw.pl\/wp-content\/uploads\/2020\/06\/flok_kon_02.jpg\" data-width=\"1920\" src=\"http:\/\/flokfw.pl\/wp-content\/uploads\/2020\/06\/flok_kon_02.jpg\"\/><\/figure><\/div><div class=\"tiled-gallery__col\"><figure class=\"tiled-gallery__item\"><img decoding=\"async\" srcset=\"http:\/\/flokfw.pl\/wp-content\/uploads\/2020\/06\/flok_kon_01.jpg?strip=info&#038;w=600 600w,http:\/\/flokfw.pl\/wp-content\/uploads\/2020\/06\/flok_kon_01.jpg?strip=info&#038;w=900 900w,http:\/\/flokfw.pl\/wp-content\/uploads\/2020\/06\/flok_kon_01.jpg?strip=info&#038;w=1080 1080w\" alt=\"\" data-height=\"1920\" data-id=\"850\" data-link=\"http:\/\/flokfw.pl\/flok_kon_01\/\" data-url=\"http:\/\/flokfw.pl\/wp-content\/uploads\/2020\/06\/flok_kon_01.jpg\" data-width=\"1080\" src=\"http:\/\/flokfw.pl\/wp-content\/uploads\/2020\/06\/flok_kon_01.jpg\"\/><\/figure><\/div><\/div><\/div><\/div>\n","protected":false},"excerpt":{"rendered":"<div class=\"entry-summary\">\nRealizujemy r\u00f3\u017cne, czasem bardzo nietypowe projekty flokowania obiekt\u00f3w dostarczonych przez klienta. Najcz\u0119\u015bciej s\u0105 to r\u00f3\u017cnego rodzaju dzie\u0142a artystyczne, kt\u00f3re dzi\u0119ki&hellip;\n<\/div>\n<div class=\"link-more\"><a href=\"https:\/\/www.flokfw.pl\/?page_id=734\" class=\"more-link\">Continue reading<span class=\"screen-reader-text\"> &ldquo;NIETYPOWE REALIZACJE&rdquo;<\/span>&hellip;<\/a><\/div>\n","protected":false},"author":1,"featured_media":979,"parent":0,"menu_order":0,"comment_status":"closed","ping_status":"closed","template":"","meta":{"_acf_changed":false,"footnotes":""},"class_list":["post-734","page","type-page","status-publish","has-post-thumbnail","hentry","entry"],"acf":[],"jetpack_sharing_enabled":true,"_links":{"self":[{"href":"https:\/\/www.flokfw.pl\/index.php?rest_route=\/wp\/v2\/pages\/734","targetHints":{"allow":["GET"]}}],"collection":[{"href":"https:\/\/www.flokfw.pl\/index.php?rest_route=\/wp\/v2\/pages"}],"about":[{"href":"https:\/\/www.flokfw.pl\/index.php?rest_route=\/wp\/v2\/types\/page"}],"author":[{"embeddable":true,"href":"https:\/\/www.flokfw.pl\/index.php?rest_route=\/wp\/v2\/users\/1"}],"replies":[{"embeddable":true,"href":"https:\/\/www.flokfw.pl\/index.php?rest_route=%2Fwp%2Fv2%2Fcomments&post=734"}],"version-history":[{"count":5,"href":"https:\/\/www.flokfw.pl\/index.php?rest_route=\/wp\/v2\/pages\/734\/revisions"}],"predecessor-version":[{"id":986,"href":"https:\/\/www.flokfw.pl\/index.php?rest_route=\/wp\/v2\/pages\/734\/revisions\/986"}],"wp:featuredmedia":[{"embeddable":true,"href":"https:\/\/www.flokfw.pl\/index.php?rest_route=\/wp\/v2\/media\/979"}],"wp:attachment":[{"href":"https:\/\/www.flokfw.pl\/index.php?rest_route=%2Fwp%2Fv2%2Fmedia&parent=734"}],"curies":[{"name":"wp","href":"https:\/\/api.w.org\/{rel}","templated":true}]}}