{"id":766,"date":"2020-06-07T17:48:15","date_gmt":"2020-06-07T15:48:15","guid":{"rendered":"http:\/\/flokfw.pl\/?page_id=766"},"modified":"2020-06-22T17:01:36","modified_gmt":"2020-06-22T15:01:36","slug":"papier-flokowany","status":"publish","type":"page","link":"https:\/\/www.flokfw.pl\/?page_id=766","title":{"rendered":"PAPIER FLOKOWANY"},"content":{"rendered":"\n<p>Produkujemy papier powleczony flokiem wiskozowym 0,5mm, 1.7dtx na pod\u0142o\u017cu tapetowym o gramaturze 90g\/m2. Papier dost\u0119pny jest w rolkach o szeroko\u015bci 50cm i d\u0142ugo\u015bci 50m (25m2). <br>Standardowo dost\u0119pne s\u0105 nast\u0119puj\u0105ce kolory: wi\u015bniowy, czerwony, zielony i czarny. Istnieje mo\u017cliwo\u015b\u0107 produkcji w kolorze wed\u0142ug pr\u00f3bnika klienta przy minimum produkcyjnym zam\u00f3wienia 10 rolek.<\/p>\n\n\n\n<div class=\"wp-block-jetpack-tiled-gallery aligncenter is-style-rectangular\"><div class=\"tiled-gallery__gallery\"><div class=\"tiled-gallery__row\"><div class=\"tiled-gallery__col\"><figure class=\"tiled-gallery__item\"><img decoding=\"async\" srcset=\"http:\/\/flokfw.pl\/wp-content\/uploads\/2020\/06\/flok_papier_07.jpg?strip=info&#038;w=600 600w,http:\/\/flokfw.pl\/wp-content\/uploads\/2020\/06\/flok_papier_07.jpg?strip=info&#038;w=900 900w,http:\/\/flokfw.pl\/wp-content\/uploads\/2020\/06\/flok_papier_07.jpg?strip=info&#038;w=1200 1200w,http:\/\/flokfw.pl\/wp-content\/uploads\/2020\/06\/flok_papier_07.jpg?strip=info&#038;w=1500 1500w,http:\/\/flokfw.pl\/wp-content\/uploads\/2020\/06\/flok_papier_07.jpg?strip=info&#038;w=1800 1800w,http:\/\/flokfw.pl\/wp-content\/uploads\/2020\/06\/flok_papier_07.jpg?strip=info&#038;w=1920 1920w\" alt=\"\" data-height=\"1080\" data-id=\"1034\" data-link=\"http:\/\/flokfw.pl\/papier-flokowany\/flok_papier_07\/\" data-url=\"http:\/\/flokfw.pl\/wp-content\/uploads\/2020\/06\/flok_papier_07.jpg\" data-width=\"1920\" src=\"http:\/\/flokfw.pl\/wp-content\/uploads\/2020\/06\/flok_papier_07.jpg\"\/><\/figure><figure class=\"tiled-gallery__item\"><img decoding=\"async\" srcset=\"http:\/\/flokfw.pl\/wp-content\/uploads\/2020\/06\/flok_papier_06.jpg?strip=info&#038;w=600 600w,http:\/\/flokfw.pl\/wp-content\/uploads\/2020\/06\/flok_papier_06.jpg?strip=info&#038;w=900 900w,http:\/\/flokfw.pl\/wp-content\/uploads\/2020\/06\/flok_papier_06.jpg?strip=info&#038;w=1200 1200w,http:\/\/flokfw.pl\/wp-content\/uploads\/2020\/06\/flok_papier_06.jpg?strip=info&#038;w=1500 1500w,http:\/\/flokfw.pl\/wp-content\/uploads\/2020\/06\/flok_papier_06.jpg?strip=info&#038;w=1800 1800w,http:\/\/flokfw.pl\/wp-content\/uploads\/2020\/06\/flok_papier_06.jpg?strip=info&#038;w=1920 1920w\" alt=\"\" data-height=\"1080\" data-id=\"1035\" data-link=\"http:\/\/flokfw.pl\/papier-flokowany\/flok_papier_06\/\" data-url=\"http:\/\/flokfw.pl\/wp-content\/uploads\/2020\/06\/flok_papier_06.jpg\" data-width=\"1920\" src=\"http:\/\/flokfw.pl\/wp-content\/uploads\/2020\/06\/flok_papier_06.jpg\"\/><\/figure><figure class=\"tiled-gallery__item\"><img decoding=\"async\" srcset=\"http:\/\/flokfw.pl\/wp-content\/uploads\/2020\/06\/flok_papier_05.jpg?strip=info&#038;w=600 600w,http:\/\/flokfw.pl\/wp-content\/uploads\/2020\/06\/flok_papier_05.jpg?strip=info&#038;w=900 900w,http:\/\/flokfw.pl\/wp-content\/uploads\/2020\/06\/flok_papier_05.jpg?strip=info&#038;w=1200 1200w,http:\/\/flokfw.pl\/wp-content\/uploads\/2020\/06\/flok_papier_05.jpg?strip=info&#038;w=1500 1500w,http:\/\/flokfw.pl\/wp-content\/uploads\/2020\/06\/flok_papier_05.jpg?strip=info&#038;w=1800 1800w,http:\/\/flokfw.pl\/wp-content\/uploads\/2020\/06\/flok_papier_05.jpg?strip=info&#038;w=1920 1920w\" alt=\"\" data-height=\"1080\" data-id=\"1036\" data-link=\"http:\/\/flokfw.pl\/papier-flokowany\/flok_papier_05\/\" data-url=\"http:\/\/flokfw.pl\/wp-content\/uploads\/2020\/06\/flok_papier_05.jpg\" data-width=\"1920\" src=\"http:\/\/flokfw.pl\/wp-content\/uploads\/2020\/06\/flok_papier_05.jpg\"\/><\/figure><\/div><div class=\"tiled-gallery__col\"><figure class=\"tiled-gallery__item\"><img decoding=\"async\" srcset=\"http:\/\/flokfw.pl\/wp-content\/uploads\/2020\/06\/flok_papier_03.jpg?strip=info&#038;w=600 600w,http:\/\/flokfw.pl\/wp-content\/uploads\/2020\/06\/flok_papier_03.jpg?strip=info&#038;w=900 900w,http:\/\/flokfw.pl\/wp-content\/uploads\/2020\/06\/flok_papier_03.jpg?strip=info&#038;w=1200 1200w,http:\/\/flokfw.pl\/wp-content\/uploads\/2020\/06\/flok_papier_03.jpg?strip=info&#038;w=1500 1500w,http:\/\/flokfw.pl\/wp-content\/uploads\/2020\/06\/flok_papier_03.jpg?strip=info&#038;w=1646 1646w\" alt=\"\" data-height=\"1920\" data-id=\"1037\" data-link=\"http:\/\/flokfw.pl\/papier-flokowany\/flok_papier_03\/\" data-url=\"http:\/\/flokfw.pl\/wp-content\/uploads\/2020\/06\/flok_papier_03.jpg\" data-width=\"1646\" src=\"http:\/\/flokfw.pl\/wp-content\/uploads\/2020\/06\/flok_papier_03.jpg\"\/><\/figure><\/div><\/div><\/div><\/div>\n","protected":false},"excerpt":{"rendered":"<div class=\"entry-summary\">\nProdukujemy papier powleczony flokiem wiskozowym 0,5mm, 1.7dtx na pod\u0142o\u017cu tapetowym o gramaturze 90g\/m2. Papier dost\u0119pny jest w rolkach o szeroko\u015bci&hellip;\n<\/div>\n<div class=\"link-more\"><a href=\"https:\/\/www.flokfw.pl\/?page_id=766\" class=\"more-link\">Continue reading<span class=\"screen-reader-text\"> &ldquo;PAPIER FLOKOWANY&rdquo;<\/span>&hellip;<\/a><\/div>\n","protected":false},"author":1,"featured_media":1035,"parent":0,"menu_order":0,"comment_status":"closed","ping_status":"closed","template":"","meta":{"_acf_changed":false,"footnotes":""},"class_list":["post-766","page","type-page","status-publish","has-post-thumbnail","hentry","entry","is-featured"],"acf":[],"jetpack_sharing_enabled":true,"_links":{"self":[{"href":"https:\/\/www.flokfw.pl\/index.php?rest_route=\/wp\/v2\/pages\/766","targetHints":{"allow":["GET"]}}],"collection":[{"href":"https:\/\/www.flokfw.pl\/index.php?rest_route=\/wp\/v2\/pages"}],"about":[{"href":"https:\/\/www.flokfw.pl\/index.php?rest_route=\/wp\/v2\/types\/page"}],"author":[{"embeddable":true,"href":"https:\/\/www.flokfw.pl\/index.php?rest_route=\/wp\/v2\/users\/1"}],"replies":[{"embeddable":true,"href":"https:\/\/www.flokfw.pl\/index.php?rest_route=%2Fwp%2Fv2%2Fcomments&post=766"}],"version-history":[{"count":5,"href":"https:\/\/www.flokfw.pl\/index.php?rest_route=\/wp\/v2\/pages\/766\/revisions"}],"predecessor-version":[{"id":1039,"href":"https:\/\/www.flokfw.pl\/index.php?rest_route=\/wp\/v2\/pages\/766\/revisions\/1039"}],"wp:featuredmedia":[{"embeddable":true,"href":"https:\/\/www.flokfw.pl\/index.php?rest_route=\/wp\/v2\/media\/1035"}],"wp:attachment":[{"href":"https:\/\/www.flokfw.pl\/index.php?rest_route=%2Fwp%2Fv2%2Fmedia&parent=766"}],"curies":[{"name":"wp","href":"https:\/\/api.w.org\/{rel}","templated":true}]}}