{"id":992,"date":"2020-06-10T19:38:11","date_gmt":"2020-06-10T17:38:11","guid":{"rendered":"http:\/\/flokfw.pl\/?page_id=992"},"modified":"2020-06-10T19:38:13","modified_gmt":"2020-06-10T17:38:13","slug":"zastosowanie-floku","status":"publish","type":"page","link":"https:\/\/www.flokfw.pl\/?page_id=992","title":{"rendered":"ZASTOSOWANIE FLOKU"},"content":{"rendered":"\n<p class=\"has-medium-font-size\"><strong>TEKSTYLIA<\/strong><\/p>\n\n\n\n<p>Flokowanie aplikacji na odzie\u017cy jest jednym z tradycyjnych zastosowa\u0144 floku. Do tego typu zastosowa\u0144 poleca si\u0119 nast\u0119puj\u0105ce rodzaje floku:<\/p>\n\n\n\n<figure class=\"wp-block-table\"><table><tbody><tr><td>TYP<\/td><td>D-TEX<\/td><td>PO\u0141YSK<\/td><td>D\u0141UGO\u015a\u0106<\/td><\/tr><tr><td>FLOK WISKOZOWY<\/td><td>&nbsp;0,75 Dtex \/ 0,95 Dtex \/ 1,7 Dtex \/ 3,3 Dtex<\/td><td>b\u0142yszcz\u0105cy \/ matowy<\/td><td>od 0.3 mm do 4.0 mm<\/td><\/tr><tr><td>FLOK POLIAMIDOWY<\/td><td>&nbsp;0,9 Dtex \/ 1,7 Dtex \/ 2,0 Dtex \/ 3,3_Dtex<\/td><td>p\u00f3\u0142matowy \/ matowy \/ trilobal<\/td><td>od 0.4 mm do 4.0 mm<\/td><\/tr><\/tbody><\/table><\/figure>\n\n\n\n<p>Gotowe wyroby: kurtki, p\u0142aszcze, koszule, sp\u00f3dnice i spodnie, tkaniny przypominaj\u0105ce irch\u0119 lub zamsz, tkaniny przypominaj\u0105ce aksamit, podszewki w odzie\u017cy sportowej, ozdobne wzory drukowane na bluzach, T-shirtach, chustach, rajstopach, bieli\u017anie czy strojach k\u0105pielowych.<\/p>\n\n\n\n<p class=\"has-medium-font-size\"><strong>AKCESORIA<\/strong><\/p>\n\n\n\n<p>Flokowane akcesoria to najlepszy przyk\u0142ad na to, \u017ce flok mo\u017cna zastosowa\u0107 na absolutnie wszystkim (nawet na paznokciach), tak d\u0142ugo jak opracuje si\u0119 odpowiedni spos\u00f3b aplikacji oraz dopasuje si\u0119 w\u0142a\u015bciwy klej do flokowanej powierzchni. Rekomendowane typy floku:<\/p>\n\n\n\n<figure class=\"wp-block-table\"><table><tbody><tr><td>TYP<\/td><td>D-TEX<\/td><td>PO\u0141YSK<\/td><td>D\u0141UGO\u015a\u0106<\/td><\/tr><tr><td>FLOK WISKOZOWY<\/td><td>&nbsp;0,75 Dtex \/ 0,95 Dtex \/ 1,7 Dtex \/ 3,3 Dtex<\/td><td>b\u0142yszcz\u0105cy \/ matowy<\/td><td>od 0.3 mm do 4.0 mm<\/td><\/tr><tr><td>FLOK POLIAMIDOWY<\/td><td>&nbsp;0,9 Dtex \/ 1,7 Dtex \/ 2,0 Dtex \/ 3,3_Dtex<\/td><td>p\u00f3\u0142matowy \/ matowy&nbsp;<\/td><td>od 0.5 mm do 4.0 mm<\/td><\/tr><\/tbody><\/table><\/figure>\n\n\n\n<p>Gotowe wyroby: torebki, portfele i portmonetki, walizki, k\u00f3\u0142ka na klucze, paski, wieszaki, sk\u00f3rzane akcesoria, podszewki r\u0119kawic kuchennych, poduszki podr\u00f3\u017cne, manekiny, korale, ozdoby \u015bwi\u0105teczne, sztuczne kwiaty i o wiele wi\u0119cej.<\/p>\n\n\n\n<p class=\"has-medium-font-size\"><strong>WYKA\u0143CZANIE WN\u0118TRZ<\/strong><\/p>\n\n\n\n<p>Flok ma r\u00f3wnie\u017c szereg zastosowa\u0144 przy wyka\u0144czaniu wn\u0119trz. W tej kategorii aplikacji polecamy:<\/p>\n\n\n\n<figure class=\"wp-block-table\"><table><tbody><tr><td>TYP<\/td><td>D-TEX<\/td><td>PO\u0141YSK<\/td><td>D\u0141UGO\u015a\u0106<\/td><\/tr><tr><td>FLOK WISKOZOWY<\/td><td>&nbsp;0,9 Dtex \/ 1,7 Dtex&nbsp;<\/td><td>b\u0142yszcz\u0105cy \/ matowy<\/td><td>od 0.3 mm do 6.0 mm<\/td><\/tr><tr><td>FLOK POLIAMIDOWY<\/td><td>&nbsp;0,9 Dtex \/ 1,7 Dtex \/ 2,0 Dtex \/ 3,3_Dtex<\/td><td>p\u00f3\u0142matowy \/ matowy \/ trilobal<\/td><td>od 0.4 mm do 6.0 mm<\/td><\/tr><\/tbody><\/table><\/figure>\n\n\n\n<p>Gotowe wyroby: sofy, krzes\u0142a i fotele, zas\u0142ony, maty, dywany, ozdobne poduchy, narzuty, tapety, klosze lamp, wn\u0119trza gablot i szkatu\u0142, podstawy dla ozdobnych przedmiot\u00f3w (podstawy \u015bwiecznik\u00f3w, ramek, figurek, etc, kt\u00f3re dzi\u0119ki zastosowaniu floku nie zadrapi\u0105 powierzchni, na kt\u00f3rej stoj\u0105)<\/p>\n\n\n\n<p class=\"has-medium-font-size\"><strong>OPTYCZNY TUNING WN\u0118TRZ SAMOCHOD\u00d3W<\/strong><\/p>\n\n\n\n<p>W ostatnich latach ten typ aplikacji floku znacznie wzr\u00f3s\u0142 na popularno\u015bci. Polecamy:<\/p>\n\n\n\n<figure class=\"wp-block-table\"><table><tbody><tr><td>TYP<\/td><td>D-TEX<\/td><td>PO\u0141YSK<\/td><td>D\u0141UGO\u015a\u0106<\/td><\/tr><tr><td>FLOK POLIAMIDOWY<\/td><td>&nbsp; 1,7 Dtex \/ 3,3 Dtex<\/td><td>p\u00f3\u0142matowy \/ matowy<\/td><td>od 0.3 mm do 1.0 mm<\/td><\/tr><\/tbody><\/table><\/figure>\n\n\n\n<p>Gotowe wyroby: tapicerka samochodowa, panele na drzwiach, uszczelki okienne, wn\u0119trza podr\u0119cznych schowk\u00f3w, owiewki, deski rozdzielcze<\/p>\n\n\n\n<p class=\"has-medium-font-size\"><strong>OPAKOWANIA<\/strong><\/p>\n\n\n\n<p>To r\u00f3wnie\u017c jedno z klasycznych sposob\u00f3w u\u017cycia floku<\/p>\n\n\n\n<figure class=\"wp-block-table\"><table><tbody><tr><td>TYP<\/td><td>D-TEX<\/td><td>PO\u0141YSK<\/td><td>D\u0141UGO\u015a\u0106<\/td><\/tr><tr><td>FLOK WISKOZOWY<\/td><td>0,75 Dtex \/ 0,95 Dtex \/ 1,7 Dtex \/ 3,3 Dtex<\/td><td>b\u0142yszcz\u0105cy \/ matowy<\/td><td>od 0.3 mm do 4.0 mm<\/td><\/tr><tr><td>FLOK POLIAMIDOWY<\/td><td>0,9 Dtex \/ 1,7 Dtex&nbsp;<\/td><td>p\u00f3\u0142matowy \/ matowy&nbsp;<\/td><td>od 0.4 mm do 4.0 mm<\/td><\/tr><\/tbody><\/table><\/figure>\n\n\n\n<p>Gotowe wyroby: opakowania na sztu\u0107ce, pude\u0142ka na bi\u017cuteri\u0119, etui na okulary, d\u0142ugopisy lub pi\u00f3ra wieczne, pude\u0142ka na gry planszowe, wszelkie opakowania ozdobne, pojemniki, holdery na butelki, etc.<\/p>\n\n\n\n<p class=\"has-medium-font-size\"><strong>ZASTOSOWANIA TECHNICZNE<\/strong><\/p>\n\n\n\n<p>Flok mo\u017ce by\u0107 ponadto zastosowany do termicznej anty-kondensacji, wyg\u0142uszenia i uszczelnienia d\u017awi\u0119ku, izolacji termicznej, do filtr\u00f3w, generator\u00f3w, materia\u0142\u00f3w konstrukcyjnych, antypo\u015blizgowych, produkt\u00f3w medycznych, higienicznych oraz kosmetycznych, do domowych produkt\u00f3w czyszcz\u0105cych, wa\u0142k\u00f3w do malowania etc. Mo\u017ce by\u0107 przy tym po\u0142\u0105czony z materia\u0142ami plastikowymi, papierowymi i innymi.<\/p>\n","protected":false},"excerpt":{"rendered":"<div class=\"entry-summary\">\nTEKSTYLIA Flokowanie aplikacji na odzie\u017cy jest jednym z tradycyjnych zastosowa\u0144 floku. Do tego typu zastosowa\u0144 poleca si\u0119 nast\u0119puj\u0105ce rodzaje floku:&hellip;\n<\/div>\n<div class=\"link-more\"><a href=\"https:\/\/www.flokfw.pl\/?page_id=992\" class=\"more-link\">Continue reading<span class=\"screen-reader-text\"> &ldquo;ZASTOSOWANIE FLOKU&rdquo;<\/span>&hellip;<\/a><\/div>\n","protected":false},"author":1,"featured_media":838,"parent":0,"menu_order":0,"comment_status":"closed","ping_status":"closed","template":"","meta":{"_acf_changed":false,"footnotes":""},"class_list":["post-992","page","type-page","status-publish","has-post-thumbnail","hentry","entry"],"acf":[],"jetpack_sharing_enabled":true,"_links":{"self":[{"href":"https:\/\/www.flokfw.pl\/index.php?rest_route=\/wp\/v2\/pages\/992","targetHints":{"allow":["GET"]}}],"collection":[{"href":"https:\/\/www.flokfw.pl\/index.php?rest_route=\/wp\/v2\/pages"}],"about":[{"href":"https:\/\/www.flokfw.pl\/index.php?rest_route=\/wp\/v2\/types\/page"}],"author":[{"embeddable":true,"href":"https:\/\/www.flokfw.pl\/index.php?rest_route=\/wp\/v2\/users\/1"}],"replies":[{"embeddable":true,"href":"https:\/\/www.flokfw.pl\/index.php?rest_route=%2Fwp%2Fv2%2Fcomments&post=992"}],"version-history":[{"count":2,"href":"https:\/\/www.flokfw.pl\/index.php?rest_route=\/wp\/v2\/pages\/992\/revisions"}],"predecessor-version":[{"id":994,"href":"https:\/\/www.flokfw.pl\/index.php?rest_route=\/wp\/v2\/pages\/992\/revisions\/994"}],"wp:featuredmedia":[{"embeddable":true,"href":"https:\/\/www.flokfw.pl\/index.php?rest_route=\/wp\/v2\/media\/838"}],"wp:attachment":[{"href":"https:\/\/www.flokfw.pl\/index.php?rest_route=%2Fwp%2Fv2%2Fmedia&parent=992"}],"curies":[{"name":"wp","href":"https:\/\/api.w.org\/{rel}","templated":true}]}}